{"id":1182,"date":"2022-01-31T15:39:11","date_gmt":"2022-01-31T20:39:11","guid":{"rendered":"https:\/\/acefsom.ca\/mission-vision-and-values\/"},"modified":"2025-06-20T14:21:59","modified_gmt":"2025-06-20T18:21:59","slug":"mission-vision-and-values","status":"publish","type":"page","link":"https:\/\/acefsom.ca\/en\/mission-vision-and-values\/","title":{"rendered":"Mission, vision and values"},"content":{"rendered":"<p>[et_pb_section fb_built=&#8221;1&#8243; custom_padding_last_edited=&#8221;on|phone&#8221; _builder_version=&#8221;4.16&#8243; _module_preset=&#8221;default&#8221; background_image=&#8221;https:\/\/acefsom.ca\/wp-content\/uploads\/\/2021\/12\/acef-organisme-sud-ouest.svg&#8221; background_position=&#8221;bottom_center&#8221; custom_margin_tablet=&#8221;||0px||false|false&#8221; custom_margin_phone=&#8221;0px||0%||false|false&#8221; custom_margin_last_edited=&#8221;on|tablet&#8221; custom_padding=&#8221;13%||15%||false|false&#8221; custom_padding_tablet=&#8221;1%||0%||false|false&#8221; custom_padding_phone=&#8221;10%||||false|false&#8221; background_color_tablet=&#8221;#F3F6FE&#8221; background_last_edited=&#8221;on|phone&#8221; background_enable_color_tablet=&#8221;on&#8221; background_enable_image_tablet=&#8221;off&#8221; da_disable_devices=&#8221;off|off|off&#8221; global_colors_info=&#8221;{}&#8221; da_is_popup=&#8221;off&#8221; da_exit_intent=&#8221;off&#8221; da_has_close=&#8221;on&#8221; da_alt_close=&#8221;off&#8221; da_dark_close=&#8221;off&#8221; da_not_modal=&#8221;on&#8221; da_is_singular=&#8221;off&#8221; da_with_loader=&#8221;off&#8221; da_has_shadow=&#8221;on&#8221;][et_pb_row column_structure=&#8221;2_5,3_5&#8243; custom_padding_last_edited=&#8221;on|phone&#8221; _builder_version=&#8221;4.16&#8243; _module_preset=&#8221;default&#8221; width=&#8221;90%&#8221; width_tablet=&#8221;80%&#8221; width_phone=&#8221;80%&#8221; width_last_edited=&#8221;on|tablet&#8221; max_width=&#8221;80%&#8221; custom_margin=&#8221;||||false|false&#8221; custom_margin_tablet=&#8221;|||0%|false|false&#8221; custom_margin_phone=&#8221;|||0%|false|false&#8221; custom_margin_last_edited=&#8221;on|tablet&#8221; custom_padding=&#8221;||||false|false&#8221; custom_padding_tablet=&#8221;||||false|false&#8221; custom_padding_phone=&#8221;||0px||false|false&#8221; module_alignment_tablet=&#8221;center&#8221; module_alignment_phone=&#8221;center&#8221; module_alignment_last_edited=&#8221;on|phone&#8221; global_colors_info=&#8221;{}&#8221;][et_pb_column type=&#8221;2_5&#8243; admin_label=&#8221;Column&#8221; _builder_version=&#8221;4.16&#8243; _module_preset=&#8221;default&#8221; global_colors_info=&#8221;{}&#8221;][\/et_pb_column][et_pb_column type=&#8221;3_5&#8243; admin_label=&#8221;Column&#8221; _builder_version=&#8221;4.16&#8243; _module_preset=&#8221;default&#8221; global_colors_info=&#8221;{}&#8221;][et_pb_text _builder_version=&#8221;4.16&#8243; _module_preset=&#8221;default&#8221; header_2_text_color=&#8221;#5E86EB&#8221; header_2_line_height=&#8221;1.6em&#8221; custom_margin_tablet=&#8221;|0px||0px|false|false&#8221; custom_margin_phone=&#8221;|0%||0%|false|true&#8221; custom_margin_last_edited=&#8221;on|phone&#8221; header_font_size_tablet=&#8221;50px&#8221; header_font_size_phone=&#8221;40px&#8221; header_font_size_last_edited=&#8221;on|phone&#8221; header_2_text_align_tablet=&#8221;left&#8221; header_2_text_align_phone=&#8221;left&#8221; header_2_text_align_last_edited=&#8221;on|tablet&#8221; header_2_font_size_tablet=&#8221;44px&#8221; header_2_font_size_phone=&#8221;33px&#8221; header_2_font_size_last_edited=&#8221;on|tablet&#8221; global_colors_info=&#8221;{}&#8221;]<\/p>\n<h1>Mission, vision and values<\/h1>\n<p>[\/et_pb_text][et_pb_text _builder_version=&#8221;4.16&#8243; _module_preset=&#8221;default&#8221; header_2_text_color=&#8221;#5E86EB&#8221; header_2_font_size=&#8221;50px&#8221; header_2_line_height=&#8221;1.3em&#8221; custom_margin_tablet=&#8221;|0px||0px|false|false&#8221; custom_margin_phone=&#8221;|0%||0%|false|true&#8221; custom_margin_last_edited=&#8221;on|tablet&#8221; header_font_size_tablet=&#8221;&#8221; header_font_size_phone=&#8221;52px&#8221; header_font_size_last_edited=&#8221;on|phone&#8221; header_2_text_align_tablet=&#8221;left&#8221; header_2_text_align_phone=&#8221;left&#8221; header_2_text_align_last_edited=&#8221;on|tablet&#8221; header_2_font_size_tablet=&#8221;35px&#8221; header_2_font_size_phone=&#8221;25px&#8221; header_2_font_size_last_edited=&#8221;on|phone&#8221; header_2_line_height_tablet=&#8221;1.3em&#8221; header_2_line_height_phone=&#8221;1.3em&#8221; header_2_line_height_last_edited=&#8221;on|desktop&#8221; global_colors_info=&#8221;{}&#8221;]<\/p>\n<h2>We have been serving consumer citizens for over 40 years.<\/h2>\n<p>[\/et_pb_text][\/et_pb_column][\/et_pb_row][\/et_pb_section][et_pb_section fb_built=&#8221;1&#8243; disabled_on=&#8221;off|off|on&#8221; _builder_version=&#8221;4.16&#8243; _module_preset=&#8221;default&#8221; background_color=&#8221;#F3F6FE&#8221; use_background_color_gradient=&#8221;on&#8221; background_color_gradient_stops=&#8221;#f3f6fe 80%|#57decf 80%&#8221; background_color_gradient_start=&#8221;#f3f6fe&#8221; background_color_gradient_start_position=&#8221;80%&#8221; background_color_gradient_end=&#8221;#57decf&#8221; background_color_gradient_end_position=&#8221;20%&#8221; custom_padding=&#8221;0px||0px||true|false&#8221; da_disable_devices=&#8221;off|off|off&#8221; global_colors_info=&#8221;{}&#8221; da_is_popup=&#8221;off&#8221; da_exit_intent=&#8221;off&#8221; da_has_close=&#8221;on&#8221; da_alt_close=&#8221;off&#8221; da_dark_close=&#8221;off&#8221; da_not_modal=&#8221;on&#8221; da_is_singular=&#8221;off&#8221; da_with_loader=&#8221;off&#8221; da_has_shadow=&#8221;on&#8221;][et_pb_row _builder_version=&#8221;4.16&#8243; _module_preset=&#8221;default&#8221; global_colors_info=&#8221;{}&#8221;][et_pb_column type=&#8221;4_4&#8243; _builder_version=&#8221;4.16&#8243; _module_preset=&#8221;default&#8221; global_colors_info=&#8221;{}&#8221;][et_pb_image src=&#8221;https:\/\/acefsom.ca\/wp-content\/uploads\/\/2021\/12\/acef-sud-ouest-organisme.svg&#8221; title_text=&#8221;acef-sud-ouest-organisme&#8221; show_bottom_space=&#8221;off&#8221; _builder_version=&#8221;4.16&#8243; _module_preset=&#8221;default&#8221; max_width_tablet=&#8221;300px&#8221; max_width_phone=&#8221;160px&#8221; max_width_last_edited=&#8221;on|tablet&#8221; module_alignment=&#8221;left&#8221; global_colors_info=&#8221;{}&#8221;][\/et_pb_image][\/et_pb_column][\/et_pb_row][\/et_pb_section][et_pb_section fb_built=&#8221;1&#8243; _builder_version=&#8221;4.16&#8243; _module_preset=&#8221;default&#8221; width_tablet=&#8221;100%&#8221; width_phone=&#8221;100%&#8221; width_last_edited=&#8221;on|tablet&#8221; custom_margin=&#8221;|15%||15.7%|false|false&#8221; custom_margin_tablet=&#8221;|15%||0%|false|false&#8221; custom_margin_phone=&#8221;|15%||0%|false|false&#8221; custom_margin_last_edited=&#8221;on|tablet&#8221; da_disable_devices=&#8221;off|off|off&#8221; global_colors_info=&#8221;{}&#8221; da_is_popup=&#8221;off&#8221; da_exit_intent=&#8221;off&#8221; da_has_close=&#8221;on&#8221; da_alt_close=&#8221;off&#8221; da_dark_close=&#8221;off&#8221; da_not_modal=&#8221;on&#8221; da_is_singular=&#8221;off&#8221; da_with_loader=&#8221;off&#8221; da_has_shadow=&#8221;on&#8221;][et_pb_row _builder_version=&#8221;4.16&#8243; _module_preset=&#8221;default&#8221; custom_margin=&#8221;||5%||false|false&#8221; global_colors_info=&#8221;{}&#8221;][et_pb_column type=&#8221;4_4&#8243; _builder_version=&#8221;4.16&#8243; _module_preset=&#8221;default&#8221; global_colors_info=&#8221;{}&#8221;][et_pb_text _builder_version=&#8221;4.16&#8243; _module_preset=&#8221;default&#8221; header_3_text_align_tablet=&#8221;left&#8221; header_3_text_align_phone=&#8221;left&#8221; header_3_text_align_last_edited=&#8221;on|desktop&#8221; header_3_font_size_tablet=&#8221;40px&#8221; header_3_font_size_phone=&#8221;35px&#8221; header_3_font_size_last_edited=&#8221;on|phone&#8221; global_colors_info=&#8221;{}&#8221;]<\/p>\n<h3>Our mission<\/h3>\n<p>[\/et_pb_text][et_pb_text _builder_version=&#8221;4.16&#8243; _module_preset=&#8221;default&#8221; header_3_text_align_tablet=&#8221;left&#8221; header_3_text_align_phone=&#8221;left&#8221; header_3_text_align_last_edited=&#8221;on|desktop&#8221; header_3_font_size_tablet=&#8221;40px&#8221; header_3_font_size_phone=&#8221;35px&#8221; header_3_font_size_last_edited=&#8221;on|phone&#8221; global_colors_info=&#8221;{}&#8221;]<\/p>\n<p>Our organization is directly involved with the people of Montreal\u2019s Sud-Ouest borough. We help them assess their consumption choices and acquire better personal finance planning habits and provide training to help them avoid the various pitfalls of overconsumption and indebtedness. <\/p>\n<p>We also contribute to examining consumer society and are committed to advocating for individual and collective rights.<\/p>\n<p>[\/et_pb_text][\/et_pb_column][\/et_pb_row][et_pb_row _builder_version=&#8221;4.16&#8243; _module_preset=&#8221;default&#8221; custom_margin=&#8221;||5%||false|false&#8221; global_colors_info=&#8221;{}&#8221;][et_pb_column type=&#8221;4_4&#8243; _builder_version=&#8221;4.16&#8243; _module_preset=&#8221;default&#8221; global_colors_info=&#8221;{}&#8221;][et_pb_text _builder_version=&#8221;4.16&#8243; _module_preset=&#8221;default&#8221; header_3_text_align_tablet=&#8221;left&#8221; header_3_text_align_phone=&#8221;left&#8221; header_3_text_align_last_edited=&#8221;on|desktop&#8221; header_3_font_size_tablet=&#8221;40px&#8221; header_3_font_size_phone=&#8221;35px&#8221; header_3_font_size_last_edited=&#8221;on|phone&#8221; global_colors_info=&#8221;{}&#8221;]<\/p>\n<h3>Our vision<\/h3>\n<p>[\/et_pb_text][et_pb_text _builder_version=&#8221;4.24.0&#8243; _module_preset=&#8221;default&#8221; header_3_text_align_tablet=&#8221;left&#8221; header_3_text_align_phone=&#8221;left&#8221; header_3_text_align_last_edited=&#8221;on|desktop&#8221; header_3_font_size_tablet=&#8221;40px&#8221; header_3_font_size_phone=&#8221;35px&#8221; header_3_font_size_last_edited=&#8221;on|phone&#8221; global_colors_info=&#8221;{}&#8221;]<\/p>\n<p>ACEFSOM is a catalyst in society in terms of<\/p>\n<ul>\n<li>Advocacy;<\/li>\n<li>Social and financial equity.<\/li>\n<\/ul>\n<p>In order to enable individual and collective development.<\/p>\n<p>[\/et_pb_text][\/et_pb_column][\/et_pb_row][et_pb_row _builder_version=&#8221;4.16&#8243; _module_preset=&#8221;default&#8221; custom_margin=&#8221;||5%||false|false&#8221; global_colors_info=&#8221;{}&#8221;][et_pb_column type=&#8221;4_4&#8243; _builder_version=&#8221;4.16&#8243; _module_preset=&#8221;default&#8221; global_colors_info=&#8221;{}&#8221;][et_pb_text _builder_version=&#8221;4.16&#8243; _module_preset=&#8221;default&#8221; header_3_text_align_tablet=&#8221;left&#8221; header_3_text_align_phone=&#8221;left&#8221; header_3_text_align_last_edited=&#8221;on|desktop&#8221; header_3_font_size_tablet=&#8221;40px&#8221; header_3_font_size_phone=&#8221;35px&#8221; header_3_font_size_last_edited=&#8221;on|phone&#8221; global_colors_info=&#8221;{}&#8221;]<\/p>\n<h3>Our values <\/h3>\n<p>[\/et_pb_text][et_pb_text _builder_version=&#8221;4.16&#8243; _module_preset=&#8221;default&#8221; header_3_font_size=&#8221;58px&#8221; header_6_text_color=&#8221;#5E86EB&#8221; header_6_font_size=&#8221;28px&#8221; custom_margin_last_edited=&#8221;off|tablet&#8221; header_3_text_align_tablet=&#8221;center&#8221; header_3_text_align_phone=&#8221;center&#8221; header_3_text_align_last_edited=&#8221;on|tablet&#8221; header_3_font_size_tablet=&#8221;56px&#8221; header_3_font_size_phone=&#8221;48px&#8221; header_3_font_size_last_edited=&#8221;on|desktop&#8221; global_colors_info=&#8221;{}&#8221;]<\/p>\n<h6>Humanity <\/h6>\n<p>We care about people, not their purchasing power.<\/p>\n<h6>Social justice<\/h6>\n<p>We are constantly fighting for a fairer world. <\/p>\n<h6>Democracy<\/h6>\n<p>We believe all members of a society deserve equal rights.[\/et_pb_text][\/et_pb_column][\/et_pb_row][et_pb_row _builder_version=&#8221;4.16&#8243; _module_preset=&#8221;default&#8221; custom_margin_tablet=&#8221;7.5%||||false|false&#8221; custom_margin_phone=&#8221;7.5%||||false|false&#8221; custom_margin_last_edited=&#8221;on|tablet&#8221; global_colors_info=&#8221;{}&#8221;][et_pb_column type=&#8221;4_4&#8243; _builder_version=&#8221;4.16&#8243; _module_preset=&#8221;default&#8221; global_colors_info=&#8221;{}&#8221;][et_pb_text _builder_version=&#8221;4.16&#8243; _module_preset=&#8221;default&#8221; header_3_text_color=&#8221;#5E86EB&#8221; header_3_text_align_tablet=&#8221;left&#8221; header_3_text_align_phone=&#8221;&#8221; header_3_text_align_last_edited=&#8221;on|phone&#8221; header_3_font_size_tablet=&#8221;40px&#8221; header_3_font_size_phone=&#8221;35px&#8221; header_3_font_size_last_edited=&#8221;on|phone&#8221; text_orientation_tablet=&#8221;center&#8221; text_orientation_phone=&#8221;center&#8221; text_orientation_last_edited=&#8221;on|tablet&#8221; global_colors_info=&#8221;{}&#8221;]<\/p>\n<h3>Any questions?<\/h3>\n<p>[\/et_pb_text][et_pb_button button_url=&#8221;@ET-DC@eyJkeW5hbWljIjp0cnVlLCJjb250ZW50IjoicG9zdF9saW5rX3VybF9wYWdlIiwic2V0dGluZ3MiOnsicG9zdF9pZCI6IjEwMDUifX0=@&#8221; button_text=&#8221;Contact us&#8221; button_alignment=&#8221;left&#8221; button_alignment_tablet=&#8221;left&#8221; button_alignment_phone=&#8221;left&#8221; button_alignment_last_edited=&#8221;on|tablet&#8221; module_class=&#8221;align-center&#8221; _builder_version=&#8221;4.16&#8243; _dynamic_attributes=&#8221;button_url&#8221; _module_preset=&#8221;default&#8221; custom_button=&#8221;on&#8221; button_bg_color=&#8221;#E85E0C&#8221; button_border_width=&#8221;1px&#8221; button_border_color=&#8221;#E85E0C&#8221; button_font=&#8221;||||||||&#8221; button_use_icon=&#8221;off&#8221; transform_translate_linked__hover=&#8221;off&#8221; custom_margin_tablet=&#8221;5%||||false|false&#8221; custom_margin_phone=&#8221;5%||||false|false&#8221; custom_margin_last_edited=&#8221;on|tablet&#8221; custom_padding=&#8221;2%|9%|2%|9%|true|true&#8221; custom_padding_tablet=&#8221;3%|12%|3%|12%|true|true&#8221; custom_padding_phone=&#8221;4%|12%|4%|12%|true|true&#8221; custom_padding_last_edited=&#8221;on|tablet&#8221; button_text_size_tablet=&#8221;16px&#8221; button_text_size_phone=&#8221;16px&#8221; button_text_size_last_edited=&#8221;on|phone&#8221; button_text_color_last_edited=&#8221;off|desktop&#8221; button_bg_color_last_edited=&#8221;off|desktop&#8221; button_font_last_edited=&#8221;off|tablet&#8221; global_colors_info=&#8221;{}&#8221; button_bg_color__hover_enabled=&#8221;on|hover&#8221; button_bg_color__hover=&#8221;#FFFFFF&#8221; button_bg_enable_color__hover=&#8221;on&#8221; button_border_width__hover_enabled=&#8221;on|hover&#8221; button_border_width__hover=&#8221;1px&#8221; button_border_color__hover_enabled=&#8221;on|hover&#8221; button_border_color__hover=&#8221;#E85E0C&#8221; button_text_color__hover_enabled=&#8221;on|hover&#8221; button_text_color__hover=&#8221;#E85E0C&#8221; transform_styles__hover_enabled=&#8221;on|hover&#8221; transform_scale__hover_enabled=&#8221;on|hover&#8221; transform_translate__hover_enabled=&#8221;on|hover&#8221; transform_rotate__hover_enabled=&#8221;on|hover&#8221; transform_skew__hover_enabled=&#8221;on|hover&#8221; transform_origin__hover_enabled=&#8221;on|hover&#8221; transform_translate__hover=&#8221;0px|-6px&#8221;][\/et_pb_button][\/et_pb_column][\/et_pb_row][\/et_pb_section]<\/p>\n","protected":false},"excerpt":{"rendered":"<p>Mission, vision and valuesWe have been serving consumer citizens for over 40 years.Our missionOur organization is directly involved with the people of Montreal\u2019s Sud-Ouest borough. We help them assess their [&hellip;]<\/p>\n","protected":false},"author":2,"featured_media":0,"parent":0,"menu_order":0,"comment_status":"closed","ping_status":"closed","template":"","meta":{"_et_pb_use_builder":"on","_et_pb_old_content":"","_et_gb_content_width":"","inline_featured_image":false,"footnotes":""},"class_list":["post-1182","page","type-page","status-publish","hentry"],"yoast_head":"<!-- This site is optimized with the Yoast SEO plugin v27.2 - https:\/\/yoast.com\/product\/yoast-seo-wordpress\/ -->\n<title>Mission, vision and values - Association coop\u00e9rative d\u2019\u00e9conomie familiale (ACEF) du Sud-Ouest de Montr\u00e9al<\/title>\n<meta name=\"robots\" content=\"index, follow, max-snippet:-1, max-image-preview:large, max-video-preview:-1\" \/>\n<link rel=\"canonical\" href=\"https:\/\/acefsom.ca\/en\/mission-vision-and-values\/\" \/>\n<meta property=\"og:locale\" content=\"en_US\" \/>\n<meta property=\"og:type\" content=\"article\" \/>\n<meta property=\"og:title\" content=\"Mission, vision and values - Association coop\u00e9rative d\u2019\u00e9conomie familiale (ACEF) du Sud-Ouest de Montr\u00e9al\" \/>\n<meta property=\"og:description\" content=\"Mission, vision and valuesWe have been serving consumer citizens for over 40 years.Our missionOur organization is directly involved with the people of Montreal\u2019s Sud-Ouest borough. We help them assess their [&hellip;]\" \/>\n<meta property=\"og:url\" content=\"https:\/\/acefsom.ca\/en\/mission-vision-and-values\/\" \/>\n<meta property=\"og:site_name\" content=\"Association coop\u00e9rative d\u2019\u00e9conomie familiale (ACEF) du Sud-Ouest de Montr\u00e9al\" \/>\n<meta property=\"article:modified_time\" content=\"2025-06-20T18:21:59+00:00\" \/>\n<meta name=\"twitter:card\" content=\"summary_large_image\" \/>\n<meta name=\"twitter:label1\" content=\"Est. reading time\" \/>\n\t<meta name=\"twitter:data1\" content=\"8 minutes\" \/>\n<script type=\"application\/ld+json\" class=\"yoast-schema-graph\">{\"@context\":\"https:\/\/schema.org\",\"@graph\":[{\"@type\":\"WebPage\",\"@id\":\"https:\/\/acefsom.ca\/en\/mission-vision-and-values\/\",\"url\":\"https:\/\/acefsom.ca\/en\/mission-vision-and-values\/\",\"name\":\"Mission, vision and values - Association coop\u00e9rative d\u2019\u00e9conomie familiale (ACEF) du Sud-Ouest de Montr\u00e9al\",\"isPartOf\":{\"@id\":\"https:\/\/acefsom.ca\/#website\"},\"datePublished\":\"2022-01-31T20:39:11+00:00\",\"dateModified\":\"2025-06-20T18:21:59+00:00\",\"breadcrumb\":{\"@id\":\"https:\/\/acefsom.ca\/en\/mission-vision-and-values\/#breadcrumb\"},\"inLanguage\":\"en-US\",\"potentialAction\":[{\"@type\":\"ReadAction\",\"target\":[\"https:\/\/acefsom.ca\/en\/mission-vision-and-values\/\"]}]},{\"@type\":\"BreadcrumbList\",\"@id\":\"https:\/\/acefsom.ca\/en\/mission-vision-and-values\/#breadcrumb\",\"itemListElement\":[{\"@type\":\"ListItem\",\"position\":1,\"name\":\"Accueil\",\"item\":\"https:\/\/acefsom.ca\/en\/\"},{\"@type\":\"ListItem\",\"position\":2,\"name\":\"Mission, vision and values\"}]},{\"@type\":\"WebSite\",\"@id\":\"https:\/\/acefsom.ca\/#website\",\"url\":\"https:\/\/acefsom.ca\/\",\"name\":\"Association coop\u00e9rative d\u2019\u00e9conomie familiale (ACEF) du Sud-Ouest de Montr\u00e9al\",\"description\":\"Accompagnement, soutien et conseil pour des finances personnelles en sant\u00e9.\",\"publisher\":{\"@id\":\"https:\/\/acefsom.ca\/#organization\"},\"potentialAction\":[{\"@type\":\"SearchAction\",\"target\":{\"@type\":\"EntryPoint\",\"urlTemplate\":\"https:\/\/acefsom.ca\/?s={search_term_string}\"},\"query-input\":{\"@type\":\"PropertyValueSpecification\",\"valueRequired\":true,\"valueName\":\"search_term_string\"}}],\"inLanguage\":\"en-US\"},{\"@type\":\"Organization\",\"@id\":\"https:\/\/acefsom.ca\/#organization\",\"name\":\"Association coop\u00e9rative d\u2019\u00e9conomie familiale (ACEF) du Sud-Ouest de Montr\u00e9al\",\"url\":\"https:\/\/acefsom.ca\/\",\"logo\":{\"@type\":\"ImageObject\",\"inLanguage\":\"en-US\",\"@id\":\"https:\/\/acefsom.ca\/#\/schema\/logo\/image\/\",\"url\":\"https:\/\/acefsom.ca\/wp-content\/uploads\/2021\/12\/LogoVectoriel.svg\",\"contentUrl\":\"https:\/\/acefsom.ca\/wp-content\/uploads\/2021\/12\/LogoVectoriel.svg\",\"width\":\"1024\",\"height\":\"1024\",\"caption\":\"Association coop\u00e9rative d\u2019\u00e9conomie familiale (ACEF) du Sud-Ouest de Montr\u00e9al\"},\"image\":{\"@id\":\"https:\/\/acefsom.ca\/#\/schema\/logo\/image\/\"}}]}<\/script>\n<!-- \/ Yoast SEO plugin. -->","yoast_head_json":{"title":"Mission, vision and values - Association coop\u00e9rative d\u2019\u00e9conomie familiale (ACEF) du Sud-Ouest de Montr\u00e9al","robots":{"index":"index","follow":"follow","max-snippet":"max-snippet:-1","max-image-preview":"max-image-preview:large","max-video-preview":"max-video-preview:-1"},"canonical":"https:\/\/acefsom.ca\/en\/mission-vision-and-values\/","og_locale":"en_US","og_type":"article","og_title":"Mission, vision and values - Association coop\u00e9rative d\u2019\u00e9conomie familiale (ACEF) du Sud-Ouest de Montr\u00e9al","og_description":"Mission, vision and valuesWe have been serving consumer citizens for over 40 years.Our missionOur organization is directly involved with the people of Montreal\u2019s Sud-Ouest borough. We help them assess their [&hellip;]","og_url":"https:\/\/acefsom.ca\/en\/mission-vision-and-values\/","og_site_name":"Association coop\u00e9rative d\u2019\u00e9conomie familiale (ACEF) du Sud-Ouest de Montr\u00e9al","article_modified_time":"2025-06-20T18:21:59+00:00","twitter_card":"summary_large_image","twitter_misc":{"Est. reading time":"8 minutes"},"schema":{"@context":"https:\/\/schema.org","@graph":[{"@type":"WebPage","@id":"https:\/\/acefsom.ca\/en\/mission-vision-and-values\/","url":"https:\/\/acefsom.ca\/en\/mission-vision-and-values\/","name":"Mission, vision and values - Association coop\u00e9rative d\u2019\u00e9conomie familiale (ACEF) du Sud-Ouest de Montr\u00e9al","isPartOf":{"@id":"https:\/\/acefsom.ca\/#website"},"datePublished":"2022-01-31T20:39:11+00:00","dateModified":"2025-06-20T18:21:59+00:00","breadcrumb":{"@id":"https:\/\/acefsom.ca\/en\/mission-vision-and-values\/#breadcrumb"},"inLanguage":"en-US","potentialAction":[{"@type":"ReadAction","target":["https:\/\/acefsom.ca\/en\/mission-vision-and-values\/"]}]},{"@type":"BreadcrumbList","@id":"https:\/\/acefsom.ca\/en\/mission-vision-and-values\/#breadcrumb","itemListElement":[{"@type":"ListItem","position":1,"name":"Accueil","item":"https:\/\/acefsom.ca\/en\/"},{"@type":"ListItem","position":2,"name":"Mission, vision and values"}]},{"@type":"WebSite","@id":"https:\/\/acefsom.ca\/#website","url":"https:\/\/acefsom.ca\/","name":"Association coop\u00e9rative d\u2019\u00e9conomie familiale (ACEF) du Sud-Ouest de Montr\u00e9al","description":"Accompagnement, soutien et conseil pour des finances personnelles en sant\u00e9.","publisher":{"@id":"https:\/\/acefsom.ca\/#organization"},"potentialAction":[{"@type":"SearchAction","target":{"@type":"EntryPoint","urlTemplate":"https:\/\/acefsom.ca\/?s={search_term_string}"},"query-input":{"@type":"PropertyValueSpecification","valueRequired":true,"valueName":"search_term_string"}}],"inLanguage":"en-US"},{"@type":"Organization","@id":"https:\/\/acefsom.ca\/#organization","name":"Association coop\u00e9rative d\u2019\u00e9conomie familiale (ACEF) du Sud-Ouest de Montr\u00e9al","url":"https:\/\/acefsom.ca\/","logo":{"@type":"ImageObject","inLanguage":"en-US","@id":"https:\/\/acefsom.ca\/#\/schema\/logo\/image\/","url":"https:\/\/acefsom.ca\/wp-content\/uploads\/2021\/12\/LogoVectoriel.svg","contentUrl":"https:\/\/acefsom.ca\/wp-content\/uploads\/2021\/12\/LogoVectoriel.svg","width":"1024","height":"1024","caption":"Association coop\u00e9rative d\u2019\u00e9conomie familiale (ACEF) du Sud-Ouest de Montr\u00e9al"},"image":{"@id":"https:\/\/acefsom.ca\/#\/schema\/logo\/image\/"}}]}},"_links":{"self":[{"href":"https:\/\/acefsom.ca\/en\/wp-json\/wp\/v2\/pages\/1182","targetHints":{"allow":["GET"]}}],"collection":[{"href":"https:\/\/acefsom.ca\/en\/wp-json\/wp\/v2\/pages"}],"about":[{"href":"https:\/\/acefsom.ca\/en\/wp-json\/wp\/v2\/types\/page"}],"author":[{"embeddable":true,"href":"https:\/\/acefsom.ca\/en\/wp-json\/wp\/v2\/users\/2"}],"replies":[{"embeddable":true,"href":"https:\/\/acefsom.ca\/en\/wp-json\/wp\/v2\/comments?post=1182"}],"version-history":[{"count":6,"href":"https:\/\/acefsom.ca\/en\/wp-json\/wp\/v2\/pages\/1182\/revisions"}],"predecessor-version":[{"id":3342,"href":"https:\/\/acefsom.ca\/en\/wp-json\/wp\/v2\/pages\/1182\/revisions\/3342"}],"wp:attachment":[{"href":"https:\/\/acefsom.ca\/en\/wp-json\/wp\/v2\/media?parent=1182"}],"curies":[{"name":"wp","href":"https:\/\/api.w.org\/{rel}","templated":true}]}}