{"id":1190,"date":"2022-01-26T15:27:10","date_gmt":"2022-01-26T20:27:10","guid":{"rendered":"https:\/\/acefsom.ca\/our-approach\/"},"modified":"2022-06-09T08:19:33","modified_gmt":"2022-06-09T12:19:33","slug":"our-approach","status":"publish","type":"page","link":"https:\/\/acefsom.ca\/en\/our-approach\/","title":{"rendered":"Our approach"},"content":{"rendered":"\n[et_pb_section fb_built=&#8221;1&#8243; custom_padding_last_edited=&#8221;on|phone&#8221; _builder_version=&#8221;4.14.7&#8243; _module_preset=&#8221;default&#8221; background_image=&#8221;https:\/\/acefsom.ca\/wp-content\/uploads\/\/2021\/12\/acef-accompagnement-personnalise.svg&#8221; custom_margin=&#8221;0px||0px||true|false&#8221; custom_padding=&#8221;15%||15%||true|false&#8221; custom_padding_tablet=&#8221;15%||15%||true|false&#8221; custom_padding_phone=&#8221;10%||0%||false|false&#8221; background_color_phone=&#8221;#F3F6FE&#8221; background_last_edited=&#8221;on|phone&#8221; background_enable_color_phone=&#8221;on&#8221; background_enable_image_phone=&#8221;off&#8221; global_colors_info=&#8221;{}&#8221;][et_pb_row _builder_version=&#8221;4.14.7&#8243; _module_preset=&#8221;default&#8221; width_tablet=&#8221;100%&#8221; width_phone=&#8221;80%&#8221; width_last_edited=&#8221;on|phone&#8221; custom_margin=&#8221;|||35%|false|false&#8221; custom_margin_tablet=&#8221;|||0%|false|false&#8221; custom_margin_phone=&#8221;|||0%|false|false&#8221; custom_margin_last_edited=&#8221;on|tablet&#8221; module_alignment_tablet=&#8221;&#8221; module_alignment_phone=&#8221;center&#8221; module_alignment_last_edited=&#8221;on|phone&#8221; global_colors_info=&#8221;{}&#8221;][et_pb_column type=&#8221;4_4&#8243; _builder_version=&#8221;4.14.6&#8243; _module_preset=&#8221;default&#8221; global_colors_info=&#8221;{}&#8221;][et_pb_text content_tablet=&#8221;<h1>Our approach<\/h1><p> <\/p><h2>It all starts with you<\/h2>&#8221; content_phone=&#8221;<h1>Our approach<\/h1><p> <\/p><h2>It all starts with you<\/h2>&#8221; content_last_edited=&#8221;on|desktop&#8221; _builder_version=&#8221;4.14.7&#8243; _module_preset=&#8221;default&#8221; header_2_text_color=&#8221;#5E86EB&#8221; custom_padding=&#8221;|10%|||false|false&#8221; custom_padding_tablet=&#8221;|10%|||false|false&#8221; custom_padding_phone=&#8221;|5%||5%|false|true&#8221; custom_padding_last_edited=&#8221;on|phone&#8221; header_text_align_tablet=&#8221;right&#8221; header_text_align_phone=&#8221;left&#8221; header_text_align_last_edited=&#8221;on|phone&#8221; header_font_size_tablet=&#8221;40px&#8221; header_font_size_phone=&#8221;35px&#8221; header_font_size_last_edited=&#8221;on|desktop&#8221; header_2_text_align_tablet=&#8221;right&#8221; header_2_text_align_phone=&#8221;left&#8221; header_2_text_align_last_edited=&#8221;on|tablet&#8221; header_2_font_size_tablet=&#8221;30px&#8221; header_2_font_size_phone=&#8221;25px&#8221; header_2_font_size_last_edited=&#8221;on|phone&#8221; global_colors_info=&#8221;{}&#8221;]<h1>Our approach<\/h1>\r\n<p>&nbsp;<\/p>\r\n<h2>It all starts with you<\/h2>[\/et_pb_text][\/et_pb_column][\/et_pb_row][\/et_pb_section][et_pb_section fb_built=&#8221;1&#8243; disabled_on=&#8221;off|on|on&#8221; _builder_version=&#8221;4.14.7&#8243; _module_preset=&#8221;default&#8221; background_color=&#8221;#F3F6FE&#8221; custom_padding=&#8221;0px||0px||true|false&#8221; border_width_bottom=&#8221;20px&#8221; border_color_bottom=&#8221;#57DECF&#8221; global_colors_info=&#8221;{}&#8221;][et_pb_row _builder_version=&#8221;4.14.7&#8243; _module_preset=&#8221;default&#8221; width=&#8221;100%&#8221; custom_padding=&#8221;0px||0px||true|false&#8221; global_colors_info=&#8221;{}&#8221;][et_pb_column type=&#8221;4_4&#8243; _builder_version=&#8221;4.14.7&#8243; _module_preset=&#8221;default&#8221; global_colors_info=&#8221;{}&#8221;][et_pb_image src=&#8221;https:\/\/acefsom.ca\/wp-content\/uploads\/\/2021\/12\/acef-accompagnement-budget.svg&#8221; title_text=&#8221;acef-accompagnement-budget&#8221; _builder_version=&#8221;4.14.7&#8243; _module_preset=&#8221;default&#8221; max_width=&#8221;150px&#8221; border_color_bottom=&#8221;#57DECF&#8221; global_colors_info=&#8221;{}&#8221;][\/et_pb_image][\/et_pb_column][\/et_pb_row][\/et_pb_section][et_pb_section fb_built=&#8221;1&#8243; _builder_version=&#8221;4.14.6&#8243; _module_preset=&#8221;default&#8221; global_colors_info=&#8221;{}&#8221;][et_pb_row custom_padding_last_edited=&#8221;on|tablet&#8221; _builder_version=&#8221;4.14.7&#8243; _module_preset=&#8221;default&#8221; custom_margin=&#8221;||2%||false|false&#8221; custom_margin_tablet=&#8221;||5%||false|false&#8221; custom_margin_phone=&#8221;||5%||false|false&#8221; custom_margin_last_edited=&#8221;on|tablet&#8221; custom_padding=&#8221;|12%||12%|false|true&#8221; custom_padding_tablet=&#8221;|0%||0%|false|true&#8221; custom_padding_phone=&#8221;|0%||0%|false|true&#8221; global_colors_info=&#8221;{}&#8221; custom_margin__hover_enabled=&#8221;off|desktop&#8221;][et_pb_column type=&#8221;4_4&#8243; _builder_version=&#8221;4.14.6&#8243; _module_preset=&#8221;default&#8221; global_colors_info=&#8221;{}&#8221;][et_pb_text _builder_version=&#8221;4.14.7&#8243; _module_preset=&#8221;default&#8221; custom_margin=&#8221;||5%||false|false&#8221; header_3_font_size_tablet=&#8221;40px&#8221; header_3_font_size_phone=&#8221;35px&#8221; header_3_font_size_last_edited=&#8221;on|phone&#8221; global_colors_info=&#8221;{}&#8221;]<h3>Personalized support<\/h3>[\/et_pb_text][et_pb_text _builder_version=&#8221;4.14.7&#8243; _module_preset=&#8221;default&#8221; header_3_text_color=&#8221;#5E86EB&#8221; header_3_font_size=&#8221;30px&#8221; header_4_text_color=&#8221;#5E86EB&#8221; header_4_font_size=&#8221;30px&#8221; header_3_font_size_tablet=&#8221;40px&#8221; header_3_font_size_phone=&#8221;35px&#8221; header_3_font_size_last_edited=&#8221;on|phone&#8221; header_4_font_size_tablet=&#8221;25px&#8221; header_4_font_size_phone=&#8221;20px&#8221; header_4_font_size_last_edited=&#8221;on|phone&#8221; global_colors_info=&#8221;{}&#8221;]<h4><span>\u201c<\/span>Financial health is about more than just money. That\u2019s why we empower the people we support!<span>\u201d<\/span><\/h4>[\/et_pb_text][et_pb_text _builder_version=&#8221;4.14.7&#8243; _module_preset=&#8221;default&#8221; header_3_text_color=&#8221;#5E86EB&#8221; header_3_font_size=&#8221;30px&#8221; header_4_text_color=&#8221;#5E86EB&#8221; header_4_font_size=&#8221;30px&#8221; text_line_height_tablet=&#8221;&#8221; text_line_height_phone=&#8221;1.3em&#8221; text_line_height_last_edited=&#8221;on|phone&#8221; header_3_font_size_tablet=&#8221;40px&#8221; header_3_font_size_phone=&#8221;35px&#8221; header_3_font_size_last_edited=&#8221;on|phone&#8221; global_colors_info=&#8221;{}&#8221;]<p>Our approach takes a person\u2019s environment and external pressures into account. It puts into perspective the values associated with money, which often come from consumer society. Budgetary choices are the result of various, sometimes unconscious, influences, whether they are cultural, social or familial. We offer the people who come to us time, spaces for sharing, and tools that will help them secure a more objective perspective on their personal finances, so that they can make better conscious, informed choices. By relying on the willingness of individuals, our support is aimed at strengthening their determination and providing a sustainable solution to the difficulties that led them to approach our organization in the first place. We work actively with people to create the winning conditions so that they can achieve their objectives.<\/p>[\/et_pb_text][\/et_pb_column][\/et_pb_row][et_pb_row custom_padding_last_edited=&#8221;on|tablet&#8221; _builder_version=&#8221;4.14.7&#8243; _module_preset=&#8221;default&#8221; custom_margin=&#8221;0px||||false|false&#8221; custom_padding=&#8221;|12%||12%|false|true&#8221; custom_padding_tablet=&#8221;0px|0%|0px|0%|false|true&#8221; custom_padding_phone=&#8221;0px|0%|0px|0%|false|true&#8221; global_colors_info=&#8221;{}&#8221;][et_pb_column type=&#8221;4_4&#8243; _builder_version=&#8221;4.14.6&#8243; _module_preset=&#8221;default&#8221; global_colors_info=&#8221;{}&#8221;][et_pb_text module_class=&#8221;list-medium-spacing  blue-list&#8221; _builder_version=&#8221;4.14.7&#8243; _module_preset=&#8221;default&#8221; text_font_size=&#8221;24px&#8221; text_line_height=&#8221;1.6em&#8221; custom_margin=&#8221;||||false|false&#8221; custom_margin_tablet=&#8221;||||false|false&#8221; custom_margin_phone=&#8221;||||false|false&#8221; custom_margin_last_edited=&#8221;on|desktop&#8221; custom_padding=&#8221;||||false|false&#8221; custom_padding_tablet=&#8221;||||false|false&#8221; custom_padding_phone=&#8221;||||false|false&#8221; custom_padding_last_edited=&#8221;on|desktop&#8221; header_3_font_size_tablet=&#8221;40px&#8221; header_3_font_size_phone=&#8221;35px&#8221; header_3_font_size_last_edited=&#8221;on|phone&#8221; global_colors_info=&#8221;{}&#8221;]<h3>The ACEF approach<\/h3>[\/et_pb_text][et_pb_text module_class=&#8221;list-medium-spacing  blue-list brandon&#8221; _builder_version=&#8221;4.14.7&#8243; _module_preset=&#8221;default&#8221; text_font_size=&#8221;30px&#8221; text_line_height=&#8221;1.3em&#8221; text_font_size_tablet=&#8221;25px&#8221; text_font_size_phone=&#8221;20px&#8221; text_font_size_last_edited=&#8221;on|phone&#8221; text_line_height_tablet=&#8221;1.3em&#8221; text_line_height_phone=&#8221;1.3em&#8221; text_line_height_last_edited=&#8221;on|desktop&#8221; header_3_font_size_tablet=&#8221;48px&#8221; header_3_font_size_phone=&#8221;48px&#8221; header_3_font_size_last_edited=&#8221;on|tablet&#8221; global_colors_info=&#8221;{}&#8221;]<ul>\r\n<li>Reasserting control over your finances<\/li>\r\n<li>An active, ongoing search for solutions<\/li>\r\n<li>Working with other local organizations<\/li>\r\n<li>Taking charge of and transforming yourself<\/li>\r\n<li>Sharing and solidarity between consumer citizens<\/li>\r\n<\/ul>[\/et_pb_text][\/et_pb_column][\/et_pb_row][et_pb_row custom_padding_last_edited=&#8221;on|tablet&#8221; _builder_version=&#8221;4.14.7&#8243; _module_preset=&#8221;default&#8221; custom_margin=&#8221;||2%||false|false&#8221; custom_margin_tablet=&#8221;||5%||false|false&#8221; custom_margin_phone=&#8221;||5%||false|false&#8221; custom_margin_last_edited=&#8221;on|tablet&#8221; custom_padding=&#8221;|12%||12%|false|true&#8221; custom_padding_tablet=&#8221;|0%||0%|false|true&#8221; custom_padding_phone=&#8221;|0%||0%|false|true&#8221; global_colors_info=&#8221;{}&#8221; custom_margin__hover_enabled=&#8221;off|desktop&#8221;][et_pb_column type=&#8221;4_4&#8243; _builder_version=&#8221;4.14.6&#8243; _module_preset=&#8221;default&#8221; global_colors_info=&#8221;{}&#8221;][et_pb_text _builder_version=&#8221;4.14.7&#8243; _module_preset=&#8221;default&#8221; custom_margin=&#8221;||5%||false|false&#8221; header_3_font_size_tablet=&#8221;40px&#8221; header_3_font_size_phone=&#8221;35px&#8221; header_3_font_size_last_edited=&#8221;on|phone&#8221; global_colors_info=&#8221;{}&#8221;]<h3>One for all, all for one!<\/h3>[\/et_pb_text][et_pb_text _builder_version=&#8221;4.14.7&#8243; _module_preset=&#8221;default&#8221; header_3_text_color=&#8221;#5E86EB&#8221; header_3_font_size=&#8221;30px&#8221; header_4_text_color=&#8221;#5E86EB&#8221; header_4_font_size=&#8221;30px&#8221; header_3_font_size_tablet=&#8221;40px&#8221; header_3_font_size_phone=&#8221;35px&#8221; header_3_font_size_last_edited=&#8221;on|phone&#8221; header_4_font_size_tablet=&#8221;25px&#8221; header_4_font_size_phone=&#8221;20px&#8221; header_4_font_size_last_edited=&#8221;on|phone&#8221; global_colors_info=&#8221;{}&#8221;]<h4>We can\u2019t say it enough\u2014our strength lies in teamwork! <\/h4>[\/et_pb_text][et_pb_text _builder_version=&#8221;4.14.7&#8243; _module_preset=&#8221;default&#8221; header_3_text_color=&#8221;#5E86EB&#8221; header_3_font_size=&#8221;30px&#8221; header_4_text_color=&#8221;#5E86EB&#8221; header_4_font_size=&#8221;30px&#8221; text_line_height_tablet=&#8221;&#8221; text_line_height_phone=&#8221;1.3em&#8221; text_line_height_last_edited=&#8221;on|phone&#8221; header_3_font_size_tablet=&#8221;40px&#8221; header_3_font_size_phone=&#8221;35px&#8221; header_3_font_size_last_edited=&#8221;on|phone&#8221; global_colors_info=&#8221;{}&#8221;]<p>By supporting each other we will succeed in effecting change. By working together, we will be able to transform your surroundings and create good financial habits. Always remember that you are not alone.\r\n<\/p>[\/et_pb_text][\/et_pb_column][\/et_pb_row][et_pb_row custom_padding_last_edited=&#8221;on|tablet&#8221; _builder_version=&#8221;4.14.7&#8243; _module_preset=&#8221;default&#8221; width=&#8221;100%&#8221; width_tablet=&#8221;80%&#8221; width_phone=&#8221;80%&#8221; width_last_edited=&#8221;on|tablet&#8221; custom_margin=&#8221;5%||||false|false&#8221; custom_padding=&#8221;|12%||12%|false|true&#8221; custom_padding_tablet=&#8221;7%|0%||0%|false|true&#8221; custom_padding_phone=&#8221;0px|0%||0%|false|true&#8221; module_alignment_tablet=&#8221;center&#8221; module_alignment_phone=&#8221;center&#8221; module_alignment_last_edited=&#8221;on|tablet&#8221; global_colors_info=&#8221;{}&#8221;][et_pb_column type=&#8221;4_4&#8243; _builder_version=&#8221;4.14.6&#8243; _module_preset=&#8221;default&#8221; global_colors_info=&#8221;{}&#8221;][et_pb_text _builder_version=&#8221;4.14.7&#8243; _module_preset=&#8221;default&#8221; header_3_text_color=&#8221;#5E86EB&#8221; header_3_text_align_tablet=&#8221;left&#8221; header_3_text_align_phone=&#8221;&#8221; header_3_text_align_last_edited=&#8221;on|phone&#8221; header_3_font_size_tablet=&#8221;40px&#8221; header_3_font_size_phone=&#8221;35px&#8221; header_3_font_size_last_edited=&#8221;on|phone&#8221; text_orientation_tablet=&#8221;center&#8221; text_orientation_phone=&#8221;center&#8221; text_orientation_last_edited=&#8221;on|tablet&#8221; global_colors_info=&#8221;{}&#8221;]<h3>Why wait?<\/h3>[\/et_pb_text][et_pb_button button_url=&#8221;@ET-DC@eyJkeW5hbWljIjp0cnVlLCJjb250ZW50IjoicG9zdF9saW5rX3VybF9wYWdlIiwic2V0dGluZ3MiOnsicG9zdF9pZCI6IjEwMDUifX0=@&#8221; button_text=&#8221;Contact our team&#8221; button_alignment=&#8221;left&#8221; button_alignment_tablet=&#8221;left&#8221; button_alignment_phone=&#8221;left&#8221; button_alignment_last_edited=&#8221;on|tablet&#8221; module_class=&#8221;align-center&#8221; _builder_version=&#8221;4.14.9&#8243; _dynamic_attributes=&#8221;button_url&#8221; _module_preset=&#8221;default&#8221; custom_button=&#8221;on&#8221; button_bg_color=&#8221;#E85E0C&#8221; button_border_width=&#8221;1px&#8221; button_border_color=&#8221;#E85E0C&#8221; button_font=&#8221;||||||||&#8221; button_use_icon=&#8221;off&#8221; transform_translate_linked__hover=&#8221;off&#8221; custom_margin_tablet=&#8221;5%||||false|false&#8221; custom_margin_phone=&#8221;5%||||false|false&#8221; custom_margin_last_edited=&#8221;on|tablet&#8221; custom_padding=&#8221;2%|9%|2%|9%|true|true&#8221; custom_padding_tablet=&#8221;3%|12%|3%|12%|true|true&#8221; custom_padding_phone=&#8221;4%|12%|4%|12%|true|true&#8221; custom_padding_last_edited=&#8221;on|tablet&#8221; hover_enabled=&#8221;0&#8243; button_text_size_tablet=&#8221;16px&#8221; button_text_size_phone=&#8221;16px&#8221; button_text_size_last_edited=&#8221;on|phone&#8221; button_text_color_last_edited=&#8221;off|desktop&#8221; button_bg_color_last_edited=&#8221;off|desktop&#8221; button_font_last_edited=&#8221;off|tablet&#8221; global_colors_info=&#8221;{}&#8221; button_bg_color__hover_enabled=&#8221;on|hover&#8221; button_bg_color__hover=&#8221;#FFFFFF&#8221; button_bg_enable_color__hover=&#8221;on&#8221; button_border_width__hover_enabled=&#8221;on|hover&#8221; button_border_width__hover=&#8221;1px&#8221; button_border_color__hover_enabled=&#8221;on|hover&#8221; button_border_color__hover=&#8221;#E85E0C&#8221; button_text_color__hover_enabled=&#8221;on|hover&#8221; button_text_color__hover=&#8221;#E85E0C&#8221; transform_styles__hover_enabled=&#8221;on|hover&#8221; transform_scale__hover_enabled=&#8221;on|hover&#8221; transform_translate__hover_enabled=&#8221;on|hover&#8221; transform_rotate__hover_enabled=&#8221;on|hover&#8221; transform_skew__hover_enabled=&#8221;on|hover&#8221; transform_origin__hover_enabled=&#8221;on|hover&#8221; transform_translate__hover=&#8221;0px|-6px&#8221; sticky_enabled=&#8221;0&#8243;][\/et_pb_button][\/et_pb_column][\/et_pb_row][\/et_pb_section]\n","protected":false},"excerpt":{"rendered":"<p>Our approach &nbsp; It all starts with youPersonalized support\u201cFinancial health is about more than just money. That\u2019s why we empower the people we support!\u201dOur approach takes a person\u2019s environment and [&hellip;]<\/p>\n","protected":false},"author":2,"featured_media":1667,"parent":0,"menu_order":0,"comment_status":"closed","ping_status":"closed","template":"","meta":{"_et_pb_use_builder":"on","_et_pb_old_content":"","_et_gb_content_width":"","inline_featured_image":false,"footnotes":""},"class_list":["post-1190","page","type-page","status-publish","has-post-thumbnail","hentry"],"yoast_head":"<!-- This site is optimized with the Yoast SEO plugin v27.2 - https:\/\/yoast.com\/product\/yoast-seo-wordpress\/ -->\n<title>Our approach - Association coop\u00e9rative d\u2019\u00e9conomie familiale (ACEF) du Sud-Ouest de Montr\u00e9al<\/title>\n<meta name=\"robots\" content=\"index, follow, max-snippet:-1, max-image-preview:large, max-video-preview:-1\" \/>\n<link rel=\"canonical\" href=\"https:\/\/acefsom.ca\/approche\/\" \/>\n<meta property=\"og:locale\" content=\"en_US\" \/>\n<meta property=\"og:type\" content=\"article\" \/>\n<meta property=\"og:title\" content=\"Our approach - Association coop\u00e9rative d\u2019\u00e9conomie familiale (ACEF) du Sud-Ouest de Montr\u00e9al\" \/>\n<meta property=\"og:description\" content=\"Our approach &nbsp; It all starts with youPersonalized support\u201cFinancial health is about more than just money. That\u2019s why we empower the people we support!\u201dOur approach takes a person\u2019s environment and [&hellip;]\" \/>\n<meta property=\"og:url\" content=\"https:\/\/acefsom.ca\/approche\/\" \/>\n<meta property=\"og:site_name\" content=\"Association coop\u00e9rative d\u2019\u00e9conomie familiale (ACEF) du Sud-Ouest de Montr\u00e9al\" \/>\n<meta property=\"article:modified_time\" content=\"2022-06-09T12:19:33+00:00\" \/>\n<meta property=\"og:image\" content=\"https:\/\/acefsom.ca\/wp-content\/uploads\/2022\/06\/acef-sud-ouest-montreal.jpg\" \/>\n\t<meta property=\"og:image:width\" content=\"1963\" \/>\n\t<meta property=\"og:image:height\" content=\"960\" \/>\n\t<meta property=\"og:image:type\" content=\"image\/jpeg\" \/>\n<meta name=\"twitter:card\" content=\"summary_large_image\" \/>\n<meta name=\"twitter:label1\" content=\"Est. reading time\" \/>\n\t<meta name=\"twitter:data1\" content=\"9 minutes\" \/>\n<script type=\"application\/ld+json\" class=\"yoast-schema-graph\">{\"@context\":\"https:\/\/schema.org\",\"@graph\":[{\"@type\":\"WebPage\",\"@id\":\"https:\/\/acefsom.ca\/approche\/\",\"url\":\"https:\/\/acefsom.ca\/approche\/\",\"name\":\"Our approach - Association coop\u00e9rative d\u2019\u00e9conomie familiale (ACEF) du Sud-Ouest de Montr\u00e9al\",\"isPartOf\":{\"@id\":\"https:\/\/acefsom.ca\/#website\"},\"primaryImageOfPage\":{\"@id\":\"https:\/\/acefsom.ca\/approche\/#primaryimage\"},\"image\":{\"@id\":\"https:\/\/acefsom.ca\/approche\/#primaryimage\"},\"thumbnailUrl\":\"https:\/\/acefsom.ca\/wp-content\/uploads\/2022\/06\/acef-sud-ouest-montreal.jpg\",\"datePublished\":\"2022-01-26T20:27:10+00:00\",\"dateModified\":\"2022-06-09T12:19:33+00:00\",\"breadcrumb\":{\"@id\":\"https:\/\/acefsom.ca\/approche\/#breadcrumb\"},\"inLanguage\":\"en-US\",\"potentialAction\":[{\"@type\":\"ReadAction\",\"target\":[\"https:\/\/acefsom.ca\/approche\/\"]}]},{\"@type\":\"ImageObject\",\"inLanguage\":\"en-US\",\"@id\":\"https:\/\/acefsom.ca\/approche\/#primaryimage\",\"url\":\"https:\/\/acefsom.ca\/wp-content\/uploads\/2022\/06\/acef-sud-ouest-montreal.jpg\",\"contentUrl\":\"https:\/\/acefsom.ca\/wp-content\/uploads\/2022\/06\/acef-sud-ouest-montreal.jpg\",\"width\":1963,\"height\":960},{\"@type\":\"BreadcrumbList\",\"@id\":\"https:\/\/acefsom.ca\/approche\/#breadcrumb\",\"itemListElement\":[{\"@type\":\"ListItem\",\"position\":1,\"name\":\"Accueil\",\"item\":\"https:\/\/acefsom.ca\/en\/\"},{\"@type\":\"ListItem\",\"position\":2,\"name\":\"Our approach\"}]},{\"@type\":\"WebSite\",\"@id\":\"https:\/\/acefsom.ca\/#website\",\"url\":\"https:\/\/acefsom.ca\/\",\"name\":\"Association coop\u00e9rative d\u2019\u00e9conomie familiale (ACEF) du Sud-Ouest de Montr\u00e9al\",\"description\":\"Accompagnement, soutien et conseil pour des finances personnelles en sant\u00e9.\",\"publisher\":{\"@id\":\"https:\/\/acefsom.ca\/#organization\"},\"potentialAction\":[{\"@type\":\"SearchAction\",\"target\":{\"@type\":\"EntryPoint\",\"urlTemplate\":\"https:\/\/acefsom.ca\/?s={search_term_string}\"},\"query-input\":{\"@type\":\"PropertyValueSpecification\",\"valueRequired\":true,\"valueName\":\"search_term_string\"}}],\"inLanguage\":\"en-US\"},{\"@type\":\"Organization\",\"@id\":\"https:\/\/acefsom.ca\/#organization\",\"name\":\"Association coop\u00e9rative d\u2019\u00e9conomie familiale (ACEF) du Sud-Ouest de Montr\u00e9al\",\"url\":\"https:\/\/acefsom.ca\/\",\"logo\":{\"@type\":\"ImageObject\",\"inLanguage\":\"en-US\",\"@id\":\"https:\/\/acefsom.ca\/#\/schema\/logo\/image\/\",\"url\":\"https:\/\/acefsom.ca\/wp-content\/uploads\/2021\/12\/LogoVectoriel.svg\",\"contentUrl\":\"https:\/\/acefsom.ca\/wp-content\/uploads\/2021\/12\/LogoVectoriel.svg\",\"width\":\"1024\",\"height\":\"1024\",\"caption\":\"Association coop\u00e9rative d\u2019\u00e9conomie familiale (ACEF) du Sud-Ouest de Montr\u00e9al\"},\"image\":{\"@id\":\"https:\/\/acefsom.ca\/#\/schema\/logo\/image\/\"}}]}<\/script>\n<!-- \/ Yoast SEO plugin. -->","yoast_head_json":{"title":"Our approach - Association coop\u00e9rative d\u2019\u00e9conomie familiale (ACEF) du Sud-Ouest de Montr\u00e9al","robots":{"index":"index","follow":"follow","max-snippet":"max-snippet:-1","max-image-preview":"max-image-preview:large","max-video-preview":"max-video-preview:-1"},"canonical":"https:\/\/acefsom.ca\/approche\/","og_locale":"en_US","og_type":"article","og_title":"Our approach - Association coop\u00e9rative d\u2019\u00e9conomie familiale (ACEF) du Sud-Ouest de Montr\u00e9al","og_description":"Our approach &nbsp; It all starts with youPersonalized support\u201cFinancial health is about more than just money. That\u2019s why we empower the people we support!\u201dOur approach takes a person\u2019s environment and [&hellip;]","og_url":"https:\/\/acefsom.ca\/approche\/","og_site_name":"Association coop\u00e9rative d\u2019\u00e9conomie familiale (ACEF) du Sud-Ouest de Montr\u00e9al","article_modified_time":"2022-06-09T12:19:33+00:00","og_image":[{"width":1963,"height":960,"url":"https:\/\/acefsom.ca\/wp-content\/uploads\/2022\/06\/acef-sud-ouest-montreal.jpg","type":"image\/jpeg"}],"twitter_card":"summary_large_image","twitter_misc":{"Est. reading time":"9 minutes"},"schema":{"@context":"https:\/\/schema.org","@graph":[{"@type":"WebPage","@id":"https:\/\/acefsom.ca\/approche\/","url":"https:\/\/acefsom.ca\/approche\/","name":"Our approach - Association coop\u00e9rative d\u2019\u00e9conomie familiale (ACEF) du Sud-Ouest de Montr\u00e9al","isPartOf":{"@id":"https:\/\/acefsom.ca\/#website"},"primaryImageOfPage":{"@id":"https:\/\/acefsom.ca\/approche\/#primaryimage"},"image":{"@id":"https:\/\/acefsom.ca\/approche\/#primaryimage"},"thumbnailUrl":"https:\/\/acefsom.ca\/wp-content\/uploads\/2022\/06\/acef-sud-ouest-montreal.jpg","datePublished":"2022-01-26T20:27:10+00:00","dateModified":"2022-06-09T12:19:33+00:00","breadcrumb":{"@id":"https:\/\/acefsom.ca\/approche\/#breadcrumb"},"inLanguage":"en-US","potentialAction":[{"@type":"ReadAction","target":["https:\/\/acefsom.ca\/approche\/"]}]},{"@type":"ImageObject","inLanguage":"en-US","@id":"https:\/\/acefsom.ca\/approche\/#primaryimage","url":"https:\/\/acefsom.ca\/wp-content\/uploads\/2022\/06\/acef-sud-ouest-montreal.jpg","contentUrl":"https:\/\/acefsom.ca\/wp-content\/uploads\/2022\/06\/acef-sud-ouest-montreal.jpg","width":1963,"height":960},{"@type":"BreadcrumbList","@id":"https:\/\/acefsom.ca\/approche\/#breadcrumb","itemListElement":[{"@type":"ListItem","position":1,"name":"Accueil","item":"https:\/\/acefsom.ca\/en\/"},{"@type":"ListItem","position":2,"name":"Our approach"}]},{"@type":"WebSite","@id":"https:\/\/acefsom.ca\/#website","url":"https:\/\/acefsom.ca\/","name":"Association coop\u00e9rative d\u2019\u00e9conomie familiale (ACEF) du Sud-Ouest de Montr\u00e9al","description":"Accompagnement, soutien et conseil pour des finances personnelles en sant\u00e9.","publisher":{"@id":"https:\/\/acefsom.ca\/#organization"},"potentialAction":[{"@type":"SearchAction","target":{"@type":"EntryPoint","urlTemplate":"https:\/\/acefsom.ca\/?s={search_term_string}"},"query-input":{"@type":"PropertyValueSpecification","valueRequired":true,"valueName":"search_term_string"}}],"inLanguage":"en-US"},{"@type":"Organization","@id":"https:\/\/acefsom.ca\/#organization","name":"Association coop\u00e9rative d\u2019\u00e9conomie familiale (ACEF) du Sud-Ouest de Montr\u00e9al","url":"https:\/\/acefsom.ca\/","logo":{"@type":"ImageObject","inLanguage":"en-US","@id":"https:\/\/acefsom.ca\/#\/schema\/logo\/image\/","url":"https:\/\/acefsom.ca\/wp-content\/uploads\/2021\/12\/LogoVectoriel.svg","contentUrl":"https:\/\/acefsom.ca\/wp-content\/uploads\/2021\/12\/LogoVectoriel.svg","width":"1024","height":"1024","caption":"Association coop\u00e9rative d\u2019\u00e9conomie familiale (ACEF) du Sud-Ouest de Montr\u00e9al"},"image":{"@id":"https:\/\/acefsom.ca\/#\/schema\/logo\/image\/"}}]}},"_links":{"self":[{"href":"https:\/\/acefsom.ca\/en\/wp-json\/wp\/v2\/pages\/1190","targetHints":{"allow":["GET"]}}],"collection":[{"href":"https:\/\/acefsom.ca\/en\/wp-json\/wp\/v2\/pages"}],"about":[{"href":"https:\/\/acefsom.ca\/en\/wp-json\/wp\/v2\/types\/page"}],"author":[{"embeddable":true,"href":"https:\/\/acefsom.ca\/en\/wp-json\/wp\/v2\/users\/2"}],"replies":[{"embeddable":true,"href":"https:\/\/acefsom.ca\/en\/wp-json\/wp\/v2\/comments?post=1190"}],"version-history":[{"count":5,"href":"https:\/\/acefsom.ca\/en\/wp-json\/wp\/v2\/pages\/1190\/revisions"}],"predecessor-version":[{"id":1692,"href":"https:\/\/acefsom.ca\/en\/wp-json\/wp\/v2\/pages\/1190\/revisions\/1692"}],"wp:featuredmedia":[{"embeddable":true,"href":"https:\/\/acefsom.ca\/en\/wp-json\/wp\/v2\/media\/1667"}],"wp:attachment":[{"href":"https:\/\/acefsom.ca\/en\/wp-json\/wp\/v2\/media?parent=1190"}],"curies":[{"name":"wp","href":"https:\/\/api.w.org\/{rel}","templated":true}]}}