{"id":1206,"date":"2022-01-27T08:18:22","date_gmt":"2022-01-27T13:18:22","guid":{"rendered":"https:\/\/acefsom.ca\/our-history\/"},"modified":"2022-03-17T10:48:44","modified_gmt":"2022-03-17T14:48:44","slug":"our-history","status":"publish","type":"page","link":"https:\/\/acefsom.ca\/en\/our-history\/","title":{"rendered":"Our history"},"content":{"rendered":"<p>[et_pb_section fb_built=&#8221;1&#8243; custom_padding_last_edited=&#8221;on|phone&#8221; _builder_version=&#8221;4.14.7&#8243; _module_preset=&#8221;default&#8221; background_image=&#8221;https:\/\/acefsom.ca\/wp-content\/uploads\/\/2021\/12\/acef-associations-cooperatives-economie-familiales.svg&#8221; background_position=&#8221;bottom_center&#8221; custom_margin_tablet=&#8221;||0px||false|false&#8221; custom_margin_phone=&#8221;0px||0%||false|false&#8221; custom_margin_last_edited=&#8221;on|tablet&#8221; custom_padding=&#8221;13%||15%||false|false&#8221; custom_padding_tablet=&#8221;1%||0%||false|false&#8221; custom_padding_phone=&#8221;10%||||false|false&#8221; background_color_tablet=&#8221;#F3F6FE&#8221; background_last_edited=&#8221;on|phone&#8221; background_enable_color_tablet=&#8221;on&#8221; background_enable_image_tablet=&#8221;off&#8221; global_colors_info=&#8221;{}&#8221;][et_pb_row column_structure=&#8221;2_5,3_5&#8243; custom_padding_last_edited=&#8221;on|phone&#8221; _builder_version=&#8221;4.14.7&#8243; _module_preset=&#8221;default&#8221; width=&#8221;90%&#8221; width_tablet=&#8221;80%&#8221; width_phone=&#8221;80%&#8221; width_last_edited=&#8221;on|tablet&#8221; max_width=&#8221;80%&#8221; custom_margin=&#8221;||||false|false&#8221; custom_margin_tablet=&#8221;|||0%|false|false&#8221; custom_margin_phone=&#8221;|||0%|false|false&#8221; custom_margin_last_edited=&#8221;on|tablet&#8221; custom_padding=&#8221;||||false|false&#8221; custom_padding_tablet=&#8221;||||false|false&#8221; custom_padding_phone=&#8221;||0px||false|false&#8221; module_alignment_tablet=&#8221;left&#8221; module_alignment_phone=&#8221;center&#8221; module_alignment_last_edited=&#8221;on|phone&#8221; global_colors_info=&#8221;{}&#8221;][et_pb_column type=&#8221;2_5&#8243; admin_label=&#8221;Column&#8221; _builder_version=&#8221;4.14.7&#8243; _module_preset=&#8221;default&#8221; global_colors_info=&#8221;{}&#8221;][\/et_pb_column][et_pb_column type=&#8221;3_5&#8243; admin_label=&#8221;Column&#8221; _builder_version=&#8221;4.14.6&#8243; _module_preset=&#8221;default&#8221; global_colors_info=&#8221;{}&#8221;][et_pb_text _builder_version=&#8221;4.14.7&#8243; _module_preset=&#8221;default&#8221; header_2_text_color=&#8221;#5E86EB&#8221; header_2_line_height=&#8221;1.6em&#8221; custom_margin_tablet=&#8221;|10%||10%|false|false&#8221; custom_margin_phone=&#8221;|0%||0%|false|true&#8221; custom_margin_last_edited=&#8221;on|phone&#8221; header_font_size_tablet=&#8221;50px&#8221; header_font_size_phone=&#8221;40px&#8221; header_font_size_last_edited=&#8221;on|phone&#8221; header_2_text_align_tablet=&#8221;left&#8221; header_2_text_align_phone=&#8221;left&#8221; header_2_text_align_last_edited=&#8221;on|tablet&#8221; header_2_font_size_tablet=&#8221;44px&#8221; header_2_font_size_phone=&#8221;33px&#8221; header_2_font_size_last_edited=&#8221;on|tablet&#8221; global_colors_info=&#8221;{}&#8221;]<\/p>\n<h1>Our history<\/h1>\n<p>[\/et_pb_text][et_pb_text _builder_version=&#8221;4.14.7&#8243; _module_preset=&#8221;default&#8221; header_2_text_color=&#8221;#5E86EB&#8221; header_2_font_size=&#8221;50px&#8221; header_2_line_height=&#8221;1.3em&#8221; custom_margin_tablet=&#8221;|10%||10%|false|false&#8221; custom_margin_phone=&#8221;|0%||0%|false|true&#8221; custom_margin_last_edited=&#8221;on|phone&#8221; header_font_size_tablet=&#8221;&#8221; header_font_size_phone=&#8221;52px&#8221; header_font_size_last_edited=&#8221;on|phone&#8221; header_2_text_align_tablet=&#8221;left&#8221; header_2_text_align_phone=&#8221;left&#8221; header_2_text_align_last_edited=&#8221;on|tablet&#8221; header_2_font_size_tablet=&#8221;35px&#8221; header_2_font_size_phone=&#8221;30px&#8221; header_2_font_size_last_edited=&#8221;on|phone&#8221; header_2_line_height_tablet=&#8221;1.3em&#8221; header_2_line_height_phone=&#8221;1.3em&#8221; header_2_line_height_last_edited=&#8221;on|desktop&#8221; global_colors_info=&#8221;{}&#8221;]<\/p>\n<h2>A resource created by the community for the community!<\/h2>\n<p>[\/et_pb_text][\/et_pb_column][\/et_pb_row][\/et_pb_section][et_pb_section fb_built=&#8221;1&#8243; disabled_on=&#8221;off|off|on&#8221; _builder_version=&#8221;4.14.7&#8243; _module_preset=&#8221;default&#8221; background_color=&#8221;#F3F6FE&#8221; use_background_color_gradient=&#8221;on&#8221; background_color_gradient_start=&#8221;#f3f6fe&#8221; background_color_gradient_end=&#8221;#57decf&#8221; background_color_gradient_start_position=&#8221;80%&#8221; background_color_gradient_end_position=&#8221;20%&#8221; custom_padding=&#8221;0px||0px||true|false&#8221; global_colors_info=&#8221;{}&#8221;][et_pb_row _builder_version=&#8221;4.14.7&#8243; _module_preset=&#8221;default&#8221; global_colors_info=&#8221;{}&#8221;][et_pb_column type=&#8221;4_4&#8243; _builder_version=&#8221;4.14.7&#8243; _module_preset=&#8221;default&#8221; global_colors_info=&#8221;{}&#8221;][et_pb_image src=&#8221;https:\/\/acefsom.ca\/wp-content\/uploads\/\/2021\/12\/associations-cooperatives-economie-familiales.svg&#8221; title_text=&#8221;associations-cooperatives-economie-familiales&#8221; show_bottom_space=&#8221;off&#8221; _builder_version=&#8221;4.14.7&#8243; _module_preset=&#8221;default&#8221; max_width_tablet=&#8221;300px&#8221; max_width_phone=&#8221;160px&#8221; max_width_last_edited=&#8221;on|tablet&#8221; module_alignment=&#8221;left&#8221; global_colors_info=&#8221;{}&#8221;][\/et_pb_image][\/et_pb_column][\/et_pb_row][\/et_pb_section][et_pb_section fb_built=&#8221;1&#8243; custom_padding_last_edited=&#8221;on|desktop&#8221; _builder_version=&#8221;4.14.7&#8243; _module_preset=&#8221;default&#8221; custom_margin=&#8221;0px||||false|false&#8221; custom_padding=&#8221;0px||0px||false|false&#8221; custom_padding_tablet=&#8221;0px||0px||false|false&#8221; custom_padding_phone=&#8221;0px||0px||false|false&#8221; global_colors_info=&#8221;{}&#8221;][et_pb_row column_structure=&#8221;1_4,3_4&#8243; use_custom_gutter=&#8221;on&#8221; gutter_width=&#8221;2&#8243; custom_padding_last_edited=&#8221;on|tablet&#8221; admin_label=&#8221;Row&#8221; _builder_version=&#8221;4.14.7&#8243; _module_preset=&#8221;default&#8221; width=&#8221;100%&#8221; width_tablet=&#8221;80%&#8221; width_phone=&#8221;&#8221; width_last_edited=&#8221;on|tablet&#8221; max_width=&#8221;100%&#8221; max_width_tablet=&#8221;&#8221; max_width_phone=&#8221;&#8221; max_width_last_edited=&#8221;on|tablet&#8221; module_alignment=&#8221;center&#8221; custom_margin=&#8221;0px||||false|false&#8221; custom_margin_last_edited=&#8221;off|tablet&#8221; custom_padding=&#8221;0px|||12.5%|false|false&#8221; custom_padding_tablet=&#8221;0px|||0%|false|false&#8221; custom_padding_phone=&#8221;0px|||0%|false|false&#8221; global_colors_info=&#8221;{}&#8221;][et_pb_column type=&#8221;1_4&#8243; admin_label=&#8221;Column&#8221; disabled_on=&#8221;on|on|off&#8221; _builder_version=&#8221;4.14.7&#8243; _module_preset=&#8221;default&#8221; custom_padding=&#8221;|6vw|||false|false&#8221; global_colors_info=&#8221;{}&#8221;][et_pb_image src=&#8221;https:\/\/acefsom.ca\/wp-content\/uploads\/\/2022\/01\/acef-histoire-cropped.svg&#8221; title_text=&#8221;acef-histoire-cropped&#8221; disabled_on=&#8221;on|on|off&#8221; _builder_version=&#8221;4.14.7&#8243; _module_preset=&#8221;default&#8221; width=&#8221;50%&#8221; width_tablet=&#8221;50%&#8221; width_phone=&#8221;50%&#8221; width_last_edited=&#8221;on|tablet&#8221; module_alignment=&#8221;center&#8221; global_colors_info=&#8221;{}&#8221;][\/et_pb_image][\/et_pb_column][et_pb_column type=&#8221;3_4&#8243; _builder_version=&#8221;4.14.7&#8243; _module_preset=&#8221;default&#8221; custom_padding=&#8221;|10vw|||false|false&#8221; custom_padding_tablet=&#8221;|0vw|||false|false&#8221; custom_padding_phone=&#8221;|0vw|||false|false&#8221; custom_padding_last_edited=&#8221;on|phone&#8221; global_colors_info=&#8221;{}&#8221;][et_pb_text module_id=&#8221;notre-histoire__texte&#8221; _builder_version=&#8221;4.14.9&#8243; _module_preset=&#8221;default&#8221; custom_margin=&#8221;22vh||||false|false&#8221; custom_margin_tablet=&#8221;0vh||||false|false&#8221; custom_margin_phone=&#8221;0%||||false|false&#8221; custom_margin_last_edited=&#8221;on|tablet&#8221; custom_padding_tablet=&#8221;16%||||false|false&#8221; custom_padding_phone=&#8221;10%||||false|false&#8221; custom_padding_last_edited=&#8221;on|tablet&#8221; hover_enabled=&#8221;0&#8243; header_3_font_size_tablet=&#8221;40px&#8221; header_3_font_size_phone=&#8221;35px&#8221; header_3_font_size_last_edited=&#8221;on|phone&#8221; global_colors_info=&#8221;{}&#8221; sticky_enabled=&#8221;0&#8243;]<\/p>\n<h3>The start of a new era<\/h3>\n<p>The Associations coop\u00e9rative d\u2019\u00e9conomie familiale (ACEF) were created in the mid-1960s. It was a turning point in history: the first consumer rights advocacy movements emerged as a counterweight to mass consumption society. During this period, despite long hours of labour, workers struggled to make ends meet.<\/p>\n<h3>Joining forces<\/h3>\n<p>Pressure from social and union movements enabled consumer protection policies and reforms, which led to the establishment of the Office de la protection du consommateur and, subsequently, the Consumer Protection Act. Particularly significant laws were established to support people in difficulty.<\/p>\n<h3>The creation of our association<\/h3>\n<p>Continuing this legacy, the ACEF du Sud-Ouest de Montr\u00e9al was established in 1984. Despite modest initial funding, it offered a range of personal finance services to the public, including training, workshops, individual consultation, information and education documentation.<\/p>\n<h3>A future centred on your needs<\/h3>\n<p>The ACEF du Sud-Ouest de Montr\u00e9al continues to work and to innovate. We\u2019re continuously developing new tools and growing the association while being mindful of the concerns of citizens in financial difficulties. We never stop assessing their needs and evolving with them!<\/p>\n<p>[\/et_pb_text][\/et_pb_column][\/et_pb_row][\/et_pb_section][et_pb_section fb_built=&#8221;1&#8243; custom_padding_last_edited=&#8221;on|tablet&#8221; _builder_version=&#8221;4.14.7&#8243; _module_preset=&#8221;default&#8221; custom_padding=&#8221;0px||||false|false&#8221; custom_padding_tablet=&#8221;0px||||false|false&#8221; custom_padding_phone=&#8221;0px||||false|false&#8221; global_colors_info=&#8221;{}&#8221;][et_pb_row _builder_version=&#8221;4.14.7&#8243; _module_preset=&#8221;default&#8221; global_colors_info=&#8221;{}&#8221;][et_pb_column type=&#8221;4_4&#8243; _builder_version=&#8221;4.14.7&#8243; _module_preset=&#8221;default&#8221; global_colors_info=&#8221;{}&#8221;][et_pb_button button_url=&#8221;https:\/\/www.canadahelps.org\/en\/charities\/acef-du-sud-ouest-de-montreal\/?mprompt=1&#8243; url_new_window=&#8221;on&#8221; button_text=&#8221;Invest in the future of the ACEF du Sud-Ouest de Montr\u00e9al (Donate online)&#8221; button_alignment=&#8221;center&#8221; _builder_version=&#8221;4.14.8&#8243; _module_preset=&#8221;default&#8221; custom_button=&#8221;on&#8221; button_bg_color=&#8221;#5E86EB&#8221; button_border_width=&#8221;1px&#8221; button_border_color=&#8221;#5E86EB&#8221; button_font=&#8221;||||||||&#8221; button_use_icon=&#8221;off&#8221; transform_translate_linked__hover=&#8221;off&#8221; custom_margin_tablet=&#8221;5%||||false|false&#8221; custom_margin_phone=&#8221;5%||||false|false&#8221; custom_margin_last_edited=&#8221;on|tablet&#8221; custom_padding=&#8221;2%|8%|2%|8%|true|true&#8221; custom_padding_tablet=&#8221;3%|20%|3%|20%|true|true&#8221; custom_padding_phone=&#8221;3%|20%|3%|20%|true|true&#8221; custom_padding_last_edited=&#8221;on|tablet&#8221; button_text_size_tablet=&#8221;16px&#8221; button_text_size_phone=&#8221;16px&#8221; button_text_size_last_edited=&#8221;on|phone&#8221; button_text_color_last_edited=&#8221;off|desktop&#8221; button_bg_color_last_edited=&#8221;off|desktop&#8221; button_font_last_edited=&#8221;off|tablet&#8221; global_colors_info=&#8221;{}&#8221; button_bg_color__hover_enabled=&#8221;on|hover&#8221; button_bg_color__hover=&#8221;#FFFFFF&#8221; button_bg_enable_color__hover=&#8221;on&#8221; button_border_width__hover_enabled=&#8221;on|hover&#8221; button_border_width__hover=&#8221;1px&#8221; button_border_color__hover_enabled=&#8221;on|hover&#8221; button_border_color__hover=&#8221;#E85E0C&#8221; button_text_color__hover_enabled=&#8221;on|hover&#8221; button_text_color__hover=&#8221;#E85E0C&#8221; transform_styles__hover_enabled=&#8221;on|hover&#8221; transform_scale__hover_enabled=&#8221;on|hover&#8221; transform_translate__hover_enabled=&#8221;on|hover&#8221; transform_rotate__hover_enabled=&#8221;on|hover&#8221; transform_skew__hover_enabled=&#8221;on|hover&#8221; transform_origin__hover_enabled=&#8221;on|hover&#8221; transform_translate__hover=&#8221;0px|-6px&#8221;][\/et_pb_button][\/et_pb_column][\/et_pb_row][\/et_pb_section]<\/p>\n","protected":false},"excerpt":{"rendered":"<p>Our historyA resource created by the community for the community!The start of a new era The Associations coop\u00e9rative d\u2019\u00e9conomie familiale (ACEF) were created in the mid-1960s. It was a turning [&hellip;]<\/p>\n","protected":false},"author":2,"featured_media":0,"parent":0,"menu_order":0,"comment_status":"closed","ping_status":"closed","template":"","meta":{"_et_pb_use_builder":"on","_et_pb_old_content":"","_et_gb_content_width":"","inline_featured_image":false,"footnotes":""},"class_list":["post-1206","page","type-page","status-publish","hentry"],"yoast_head":"<!-- This site is optimized with the Yoast SEO plugin v27.2 - https:\/\/yoast.com\/product\/yoast-seo-wordpress\/ -->\n<title>Our history - Association coop\u00e9rative d\u2019\u00e9conomie familiale (ACEF) du Sud-Ouest de Montr\u00e9al<\/title>\n<meta name=\"robots\" content=\"index, follow, max-snippet:-1, max-image-preview:large, max-video-preview:-1\" \/>\n<link rel=\"canonical\" href=\"https:\/\/acefsom.ca\/en\/our-history\/\" \/>\n<meta property=\"og:locale\" content=\"en_US\" \/>\n<meta property=\"og:type\" content=\"article\" \/>\n<meta property=\"og:title\" content=\"Our history - Association coop\u00e9rative d\u2019\u00e9conomie familiale (ACEF) du Sud-Ouest de Montr\u00e9al\" \/>\n<meta property=\"og:description\" content=\"Our historyA resource created by the community for the community!The start of a new era The Associations coop\u00e9rative d\u2019\u00e9conomie familiale (ACEF) were created in the mid-1960s. It was a turning [&hellip;]\" \/>\n<meta property=\"og:url\" content=\"https:\/\/acefsom.ca\/en\/our-history\/\" \/>\n<meta property=\"og:site_name\" content=\"Association coop\u00e9rative d\u2019\u00e9conomie familiale (ACEF) du Sud-Ouest de Montr\u00e9al\" \/>\n<meta property=\"article:modified_time\" content=\"2022-03-17T14:48:44+00:00\" \/>\n<meta name=\"twitter:card\" content=\"summary_large_image\" \/>\n<meta name=\"twitter:label1\" content=\"Est. reading time\" \/>\n\t<meta name=\"twitter:data1\" content=\"7 minutes\" \/>\n<script type=\"application\/ld+json\" class=\"yoast-schema-graph\">{\"@context\":\"https:\/\/schema.org\",\"@graph\":[{\"@type\":\"WebPage\",\"@id\":\"https:\/\/acefsom.ca\/en\/our-history\/\",\"url\":\"https:\/\/acefsom.ca\/en\/our-history\/\",\"name\":\"Our history - Association coop\u00e9rative d\u2019\u00e9conomie familiale (ACEF) du Sud-Ouest de Montr\u00e9al\",\"isPartOf\":{\"@id\":\"https:\/\/acefsom.ca\/#website\"},\"datePublished\":\"2022-01-27T13:18:22+00:00\",\"dateModified\":\"2022-03-17T14:48:44+00:00\",\"breadcrumb\":{\"@id\":\"https:\/\/acefsom.ca\/en\/our-history\/#breadcrumb\"},\"inLanguage\":\"en-US\",\"potentialAction\":[{\"@type\":\"ReadAction\",\"target\":[\"https:\/\/acefsom.ca\/en\/our-history\/\"]}]},{\"@type\":\"BreadcrumbList\",\"@id\":\"https:\/\/acefsom.ca\/en\/our-history\/#breadcrumb\",\"itemListElement\":[{\"@type\":\"ListItem\",\"position\":1,\"name\":\"Accueil\",\"item\":\"https:\/\/acefsom.ca\/en\/\"},{\"@type\":\"ListItem\",\"position\":2,\"name\":\"Our history\"}]},{\"@type\":\"WebSite\",\"@id\":\"https:\/\/acefsom.ca\/#website\",\"url\":\"https:\/\/acefsom.ca\/\",\"name\":\"Association coop\u00e9rative d\u2019\u00e9conomie familiale (ACEF) du Sud-Ouest de Montr\u00e9al\",\"description\":\"Accompagnement, soutien et conseil pour des finances personnelles en sant\u00e9.\",\"publisher\":{\"@id\":\"https:\/\/acefsom.ca\/#organization\"},\"potentialAction\":[{\"@type\":\"SearchAction\",\"target\":{\"@type\":\"EntryPoint\",\"urlTemplate\":\"https:\/\/acefsom.ca\/?s={search_term_string}\"},\"query-input\":{\"@type\":\"PropertyValueSpecification\",\"valueRequired\":true,\"valueName\":\"search_term_string\"}}],\"inLanguage\":\"en-US\"},{\"@type\":\"Organization\",\"@id\":\"https:\/\/acefsom.ca\/#organization\",\"name\":\"Association coop\u00e9rative d\u2019\u00e9conomie familiale (ACEF) du Sud-Ouest de Montr\u00e9al\",\"url\":\"https:\/\/acefsom.ca\/\",\"logo\":{\"@type\":\"ImageObject\",\"inLanguage\":\"en-US\",\"@id\":\"https:\/\/acefsom.ca\/#\/schema\/logo\/image\/\",\"url\":\"https:\/\/acefsom.ca\/wp-content\/uploads\/2021\/12\/LogoVectoriel.svg\",\"contentUrl\":\"https:\/\/acefsom.ca\/wp-content\/uploads\/2021\/12\/LogoVectoriel.svg\",\"width\":\"1024\",\"height\":\"1024\",\"caption\":\"Association coop\u00e9rative d\u2019\u00e9conomie familiale (ACEF) du Sud-Ouest de Montr\u00e9al\"},\"image\":{\"@id\":\"https:\/\/acefsom.ca\/#\/schema\/logo\/image\/\"}}]}<\/script>\n<!-- \/ Yoast SEO plugin. -->","yoast_head_json":{"title":"Our history - Association coop\u00e9rative d\u2019\u00e9conomie familiale (ACEF) du Sud-Ouest de Montr\u00e9al","robots":{"index":"index","follow":"follow","max-snippet":"max-snippet:-1","max-image-preview":"max-image-preview:large","max-video-preview":"max-video-preview:-1"},"canonical":"https:\/\/acefsom.ca\/en\/our-history\/","og_locale":"en_US","og_type":"article","og_title":"Our history - Association coop\u00e9rative d\u2019\u00e9conomie familiale (ACEF) du Sud-Ouest de Montr\u00e9al","og_description":"Our historyA resource created by the community for the community!The start of a new era The Associations coop\u00e9rative d\u2019\u00e9conomie familiale (ACEF) were created in the mid-1960s. It was a turning [&hellip;]","og_url":"https:\/\/acefsom.ca\/en\/our-history\/","og_site_name":"Association coop\u00e9rative d\u2019\u00e9conomie familiale (ACEF) du Sud-Ouest de Montr\u00e9al","article_modified_time":"2022-03-17T14:48:44+00:00","twitter_card":"summary_large_image","twitter_misc":{"Est. reading time":"7 minutes"},"schema":{"@context":"https:\/\/schema.org","@graph":[{"@type":"WebPage","@id":"https:\/\/acefsom.ca\/en\/our-history\/","url":"https:\/\/acefsom.ca\/en\/our-history\/","name":"Our history - Association coop\u00e9rative d\u2019\u00e9conomie familiale (ACEF) du Sud-Ouest de Montr\u00e9al","isPartOf":{"@id":"https:\/\/acefsom.ca\/#website"},"datePublished":"2022-01-27T13:18:22+00:00","dateModified":"2022-03-17T14:48:44+00:00","breadcrumb":{"@id":"https:\/\/acefsom.ca\/en\/our-history\/#breadcrumb"},"inLanguage":"en-US","potentialAction":[{"@type":"ReadAction","target":["https:\/\/acefsom.ca\/en\/our-history\/"]}]},{"@type":"BreadcrumbList","@id":"https:\/\/acefsom.ca\/en\/our-history\/#breadcrumb","itemListElement":[{"@type":"ListItem","position":1,"name":"Accueil","item":"https:\/\/acefsom.ca\/en\/"},{"@type":"ListItem","position":2,"name":"Our history"}]},{"@type":"WebSite","@id":"https:\/\/acefsom.ca\/#website","url":"https:\/\/acefsom.ca\/","name":"Association coop\u00e9rative d\u2019\u00e9conomie familiale (ACEF) du Sud-Ouest de Montr\u00e9al","description":"Accompagnement, soutien et conseil pour des finances personnelles en sant\u00e9.","publisher":{"@id":"https:\/\/acefsom.ca\/#organization"},"potentialAction":[{"@type":"SearchAction","target":{"@type":"EntryPoint","urlTemplate":"https:\/\/acefsom.ca\/?s={search_term_string}"},"query-input":{"@type":"PropertyValueSpecification","valueRequired":true,"valueName":"search_term_string"}}],"inLanguage":"en-US"},{"@type":"Organization","@id":"https:\/\/acefsom.ca\/#organization","name":"Association coop\u00e9rative d\u2019\u00e9conomie familiale (ACEF) du Sud-Ouest de Montr\u00e9al","url":"https:\/\/acefsom.ca\/","logo":{"@type":"ImageObject","inLanguage":"en-US","@id":"https:\/\/acefsom.ca\/#\/schema\/logo\/image\/","url":"https:\/\/acefsom.ca\/wp-content\/uploads\/2021\/12\/LogoVectoriel.svg","contentUrl":"https:\/\/acefsom.ca\/wp-content\/uploads\/2021\/12\/LogoVectoriel.svg","width":"1024","height":"1024","caption":"Association coop\u00e9rative d\u2019\u00e9conomie familiale (ACEF) du Sud-Ouest de Montr\u00e9al"},"image":{"@id":"https:\/\/acefsom.ca\/#\/schema\/logo\/image\/"}}]}},"_links":{"self":[{"href":"https:\/\/acefsom.ca\/en\/wp-json\/wp\/v2\/pages\/1206","targetHints":{"allow":["GET"]}}],"collection":[{"href":"https:\/\/acefsom.ca\/en\/wp-json\/wp\/v2\/pages"}],"about":[{"href":"https:\/\/acefsom.ca\/en\/wp-json\/wp\/v2\/types\/page"}],"author":[{"embeddable":true,"href":"https:\/\/acefsom.ca\/en\/wp-json\/wp\/v2\/users\/2"}],"replies":[{"embeddable":true,"href":"https:\/\/acefsom.ca\/en\/wp-json\/wp\/v2\/comments?post=1206"}],"version-history":[{"count":8,"href":"https:\/\/acefsom.ca\/en\/wp-json\/wp\/v2\/pages\/1206\/revisions"}],"predecessor-version":[{"id":1449,"href":"https:\/\/acefsom.ca\/en\/wp-json\/wp\/v2\/pages\/1206\/revisions\/1449"}],"wp:attachment":[{"href":"https:\/\/acefsom.ca\/en\/wp-json\/wp\/v2\/media?parent=1206"}],"curies":[{"name":"wp","href":"https:\/\/api.w.org\/{rel}","templated":true}]}}