{"id":1214,"date":"2022-02-10T14:36:58","date_gmt":"2022-02-10T19:36:58","guid":{"rendered":"https:\/\/acefsom.ca\/contact-us\/"},"modified":"2026-04-02T12:18:41","modified_gmt":"2026-04-02T16:18:41","slug":"contact-us","status":"publish","type":"page","link":"https:\/\/acefsom.ca\/en\/contact-us\/","title":{"rendered":"Contact us"},"content":{"rendered":"<p>[et_pb_section fb_built=&#8221;1&#8243; custom_padding_last_edited=&#8221;on|phone&#8221; _builder_version=&#8221;4.16&#8243; _module_preset=&#8221;default&#8221; background_color=&#8221;#F3F6FE&#8221; background_enable_image=&#8221;off&#8221; background_size=&#8221;initial&#8221; background_position=&#8221;bottom_right&#8221; custom_margin_tablet=&#8221;||0px||false|false&#8221; custom_margin_phone=&#8221;0px||0%||false|false&#8221; custom_margin_last_edited=&#8221;on|tablet&#8221; custom_padding=&#8221;7%||0px||false|false&#8221; custom_padding_tablet=&#8221;8%||0%||false|false&#8221; custom_padding_phone=&#8221;10%||||false|false&#8221; background_color_tablet=&#8221;#F3F6FE&#8221; background_last_edited=&#8221;on|phone&#8221; background_enable_color_tablet=&#8221;on&#8221; background_enable_image_tablet=&#8221;off&#8221; da_disable_devices=&#8221;off|off|off&#8221; border_width_bottom=&#8221;100px&#8221; border_color_bottom=&#8221;#57DECF&#8221; border_width_bottom_tablet=&#8221;40px&#8221; border_width_bottom_phone=&#8221;30px&#8221; border_width_bottom_last_edited=&#8221;on|phone&#8221; global_colors_info=&#8221;{}&#8221; da_is_popup=&#8221;off&#8221; da_exit_intent=&#8221;off&#8221; da_has_close=&#8221;on&#8221; da_alt_close=&#8221;off&#8221; da_dark_close=&#8221;off&#8221; da_not_modal=&#8221;on&#8221; da_is_singular=&#8221;off&#8221; da_with_loader=&#8221;off&#8221; da_has_shadow=&#8221;on&#8221;][et_pb_row column_structure=&#8221;2_5,3_5&#8243; custom_padding_last_edited=&#8221;on|phone&#8221; _builder_version=&#8221;4.16&#8243; _module_preset=&#8221;default&#8221; width=&#8221;87%&#8221; width_tablet=&#8221;80%&#8221; width_phone=&#8221;90%&#8221; width_last_edited=&#8221;on|tablet&#8221; max_width=&#8221;87%&#8221; module_alignment=&#8221;right&#8221; custom_margin=&#8221;||||false|false&#8221; custom_margin_tablet=&#8221;|||0%|false|false&#8221; custom_margin_phone=&#8221;|||0%|false|false&#8221; custom_margin_last_edited=&#8221;on|tablet&#8221; custom_padding=&#8221;||||false|false&#8221; custom_padding_tablet=&#8221;||||false|false&#8221; custom_padding_phone=&#8221;||0px||false|false&#8221; module_alignment_tablet=&#8221;center&#8221; module_alignment_phone=&#8221;right&#8221; module_alignment_last_edited=&#8221;on|phone&#8221; global_colors_info=&#8221;{}&#8221;][et_pb_column type=&#8221;2_5&#8243; admin_label=&#8221;Column&#8221; _builder_version=&#8221;4.16&#8243; _module_preset=&#8221;default&#8221; global_colors_info=&#8221;{}&#8221;][et_pb_text _builder_version=&#8221;4.16&#8243; _module_preset=&#8221;default&#8221; header_font_size=&#8221;62px&#8221; header_2_text_color=&#8221;#5E86EB&#8221; header_2_line_height=&#8221;1.6em&#8221; custom_margin=&#8221;5%||||false|false&#8221; custom_margin_tablet=&#8221;|0px||0px|false|false&#8221; custom_margin_phone=&#8221;|0%||0%|false|true&#8221; custom_margin_last_edited=&#8221;on|phone&#8221; header_font_size_tablet=&#8221;50px&#8221; header_font_size_phone=&#8221;40px&#8221; header_font_size_last_edited=&#8221;on|tablet&#8221; header_2_text_align_tablet=&#8221;left&#8221; header_2_text_align_phone=&#8221;left&#8221; header_2_text_align_last_edited=&#8221;on|tablet&#8221; header_2_font_size_tablet=&#8221;44px&#8221; header_2_font_size_phone=&#8221;33px&#8221; header_2_font_size_last_edited=&#8221;on|tablet&#8221; global_colors_info=&#8221;{}&#8221;]<\/p>\n<h1>Contact us<\/h1>\n<p>[\/et_pb_text][et_pb_text _builder_version=&#8221;4.16&#8243; _module_preset=&#8221;default&#8221; header_2_text_color=&#8221;#5E86EB&#8221; header_2_font_size=&#8221;50px&#8221; header_2_line_height=&#8221;1.3em&#8221; width_tablet=&#8221;&#8221; width_phone=&#8221;80%&#8221; width_last_edited=&#8221;on|desktop&#8221; custom_margin_tablet=&#8221;|0px||0px|false|false&#8221; custom_margin_phone=&#8221;|0%||0%|false|true&#8221; custom_margin_last_edited=&#8221;on|tablet&#8221; header_font_size_tablet=&#8221;&#8221; header_font_size_phone=&#8221;52px&#8221; header_font_size_last_edited=&#8221;on|phone&#8221; header_2_text_align_tablet=&#8221;left&#8221; header_2_text_align_phone=&#8221;left&#8221; header_2_text_align_last_edited=&#8221;on|tablet&#8221; header_2_font_size_tablet=&#8221;35px&#8221; header_2_font_size_phone=&#8221;25px&#8221; header_2_font_size_last_edited=&#8221;on|phone&#8221; header_2_line_height_tablet=&#8221;1.3em&#8221; header_2_line_height_phone=&#8221;1.3em&#8221; header_2_line_height_last_edited=&#8221;on|desktop&#8221; global_colors_info=&#8221;{}&#8221;]<\/p>\n<h2>Reaching out is the first step<\/h2>\n<p>[\/et_pb_text][\/et_pb_column][et_pb_column type=&#8221;3_5&#8243; admin_label=&#8221;Column&#8221; _builder_version=&#8221;4.16&#8243; _module_preset=&#8221;default&#8221; global_colors_info=&#8221;{}&#8221;][et_pb_image src=&#8221;https:\/\/acefsom.ca\/wp-content\/uploads\/\/acef-nous-joindre.svg&#8221; alt=&#8221;Contact us ACEF&#8221; title_text=&#8221;acef-nous-joindre&#8221; show_bottom_space=&#8221;off&#8221; _builder_version=&#8221;4.16&#8243; _module_preset=&#8221;default&#8221; max_width=&#8221;700px&#8221; max_width_tablet=&#8221;300px&#8221; max_width_phone=&#8221;200px&#8221; max_width_last_edited=&#8221;on|desktop&#8221; module_alignment=&#8221;center&#8221; module_alignment_tablet=&#8221;right&#8221; module_alignment_phone=&#8221;right&#8221; module_alignment_last_edited=&#8221;on|desktop&#8221; global_colors_info=&#8221;{}&#8221;][\/et_pb_image][\/et_pb_column][\/et_pb_row][\/et_pb_section][et_pb_section fb_built=&#8221;1&#8243; fullwidth=&#8221;on&#8221; disabled_on=&#8221;on|on|on&#8221; _builder_version=&#8221;4.16&#8243; _module_preset=&#8221;default&#8221; background_color=&#8221;#5E86EB&#8221; da_disable_devices=&#8221;off|off|off&#8221; disabled=&#8221;on&#8221; global_colors_info=&#8221;{}&#8221; da_is_popup=&#8221;off&#8221; da_exit_intent=&#8221;off&#8221; da_has_close=&#8221;on&#8221; da_alt_close=&#8221;off&#8221; da_dark_close=&#8221;off&#8221; da_not_modal=&#8221;on&#8221; da_is_singular=&#8221;off&#8221; da_with_loader=&#8221;off&#8221; da_has_shadow=&#8221;on&#8221;][et_pb_fullwidth_map address=&#8221;6734 Bd Monk, Montr\u00e9al, QC H4E 3J1, Canada&#8221; address_lat=&#8221;45.4515905&#8243; address_lng=&#8221;-73.5932642&#8243; _builder_version=&#8221;4.16&#8243; _module_preset=&#8221;default&#8221; background_color=&#8221;#5E86EB&#8221; min_height_tablet=&#8221;&#8221; min_height_phone=&#8221;50vh&#8221; min_height_last_edited=&#8221;on|phone&#8221; custom_padding=&#8221;||||false|false&#8221; filter_opacity=&#8221;85%&#8221; child_filter_saturate=&#8221;123%&#8221; child_mix_blend_mode=&#8221;color-burn&#8221; global_colors_info=&#8221;{}&#8221;][et_pb_map_pin title=&#8221;ACEF du Sud Ouest de Montr\u00e9al&#8221; pin_address=&#8221;6734 Bd Monk, Montr\u00e9al, QC H4E 3J1, Canada&#8221; pin_address_lat=&#8221;45.4515905&#8243; pin_address_lng=&#8221;-73.5932642&#8243; _builder_version=&#8221;4.14.8&#8243; _module_preset=&#8221;default&#8221; global_colors_info=&#8221;{}&#8221;][\/et_pb_map_pin][\/et_pb_fullwidth_map][\/et_pb_section][et_pb_section fb_built=&#8221;1&#8243; _builder_version=&#8221;4.16&#8243; _module_preset=&#8221;default&#8221; width_tablet=&#8221;100%&#8221; width_phone=&#8221;100%&#8221; width_last_edited=&#8221;on|tablet&#8221; custom_margin=&#8221;||||false|false&#8221; custom_margin_tablet=&#8221;|15%||0%|false|false&#8221; custom_margin_phone=&#8221;|15%||0%|false|false&#8221; custom_margin_last_edited=&#8221;on|tablet&#8221; da_disable_devices=&#8221;off|off|off&#8221; global_colors_info=&#8221;{}&#8221; da_is_popup=&#8221;off&#8221; da_exit_intent=&#8221;off&#8221; da_has_close=&#8221;on&#8221; da_alt_close=&#8221;off&#8221; da_dark_close=&#8221;off&#8221; da_not_modal=&#8221;on&#8221; da_is_singular=&#8221;off&#8221; da_with_loader=&#8221;off&#8221; da_has_shadow=&#8221;on&#8221;][et_pb_row column_structure=&#8221;1_2,1_2&#8243; _builder_version=&#8221;4.24.0&#8243; _module_preset=&#8221;default&#8221; custom_margin=&#8221;||5%||false|false&#8221; global_colors_info=&#8221;{}&#8221;][et_pb_column type=&#8221;1_2&#8243; _builder_version=&#8221;4.16&#8243; _module_preset=&#8221;default&#8221; global_colors_info=&#8221;{}&#8221;][et_pb_text _builder_version=&#8221;4.16&#8243; _module_preset=&#8221;default&#8221; header_3_text_align_tablet=&#8221;left&#8221; header_3_text_align_phone=&#8221;left&#8221; header_3_text_align_last_edited=&#8221;on|desktop&#8221; header_3_font_size_tablet=&#8221;40px&#8221; header_3_font_size_phone=&#8221;35px&#8221; header_3_font_size_last_edited=&#8221;on|phone&#8221; global_colors_info=&#8221;{}&#8221;]<\/p>\n<h3>Where can you find us?<\/h3>\n<p>[\/et_pb_text][et_pb_text module_class=&#8221;brandon&#8221; _builder_version=&#8221;4.22.2&#8243; _module_preset=&#8221;default&#8221; text_text_color=&#8221;#5E86EB&#8221; text_font_size=&#8221;25px&#8221; text_line_height=&#8221;1.5em&#8221; width=&#8221;80%&#8221; width_tablet=&#8221;80%&#8221; width_phone=&#8221;80%&#8221; width_last_edited=&#8221;on|phone&#8221; text_line_height_tablet=&#8221;1.5em&#8221; text_line_height_phone=&#8221;1em&#8221; text_line_height_last_edited=&#8221;on|desktop&#8221; header_3_text_align_tablet=&#8221;left&#8221; header_3_text_align_phone=&#8221;left&#8221; header_3_text_align_last_edited=&#8221;on|desktop&#8221; header_3_font_size_tablet=&#8221;40px&#8221; header_3_font_size_phone=&#8221;35px&#8221; header_3_font_size_last_edited=&#8221;on|phone&#8221; global_colors_info=&#8221;{}&#8221;]<\/p>\n<p>6734 Monk Blvd., 2nd floor, Montreal, Qu\u00e9bec H4E 3J1<br \/>(Beside Monk Metro, green line) north exit<\/p>\n<p>[\/et_pb_text][et_pb_text module_class=&#8221;brandon&#8221; _builder_version=&#8221;4.24.0&#8243; _module_preset=&#8221;default&#8221; text_text_color=&#8221;#5E86EB&#8221; text_font_size=&#8221;25px&#8221; text_line_height=&#8221;1.5em&#8221; width=&#8221;80%&#8221; width_tablet=&#8221;80%&#8221; width_phone=&#8221;80%&#8221; width_last_edited=&#8221;on|phone&#8221; text_line_height_tablet=&#8221;1.5em&#8221; text_line_height_phone=&#8221;1em&#8221; text_line_height_last_edited=&#8221;on|desktop&#8221; header_3_text_align_tablet=&#8221;left&#8221; header_3_text_align_phone=&#8221;left&#8221; header_3_text_align_last_edited=&#8221;on|desktop&#8221; header_3_font_size_tablet=&#8221;40px&#8221; header_3_font_size_phone=&#8221;35px&#8221; header_3_font_size_last_edited=&#8221;on|phone&#8221; global_colors_info=&#8221;{}&#8221;]<\/p>\n<p>Phone : 514-362-1771<br \/>Please make sure you live in the area we serve before contacting us (except for AQTIS members).<\/p>\n<p>[\/et_pb_text][et_pb_text _builder_version=&#8221;4.24.0&#8243; _module_preset=&#8221;default&#8221; custom_padding=&#8221;0px|||||&#8221; header_3_text_align_tablet=&#8221;left&#8221; header_3_text_align_phone=&#8221;left&#8221; header_3_text_align_last_edited=&#8221;on|desktop&#8221; header_3_font_size_tablet=&#8221;40px&#8221; header_3_font_size_phone=&#8221;35px&#8221; header_3_font_size_last_edited=&#8221;on|phone&#8221; global_colors_info=&#8221;{}&#8221;]<\/p>\n<h3>Territory<\/h3>\n<p>[\/et_pb_text][et_pb_text module_class=&#8221;brandon&#8221; _builder_version=&#8221;4.24.0&#8243; _module_preset=&#8221;default&#8221; text_text_color=&#8221;#5E86EB&#8221; text_font_size=&#8221;16px&#8221; text_line_height=&#8221;1.5em&#8221; width=&#8221;97.3%&#8221; width_tablet=&#8221;80%&#8221; width_phone=&#8221;80%&#8221; width_last_edited=&#8221;on|phone&#8221; text_line_height_tablet=&#8221;1.5em&#8221; text_line_height_phone=&#8221;1em&#8221; text_line_height_last_edited=&#8221;on|desktop&#8221; header_3_text_align_tablet=&#8221;left&#8221; header_3_text_align_phone=&#8221;left&#8221; header_3_text_align_last_edited=&#8221;on|desktop&#8221; header_3_font_size_tablet=&#8221;40px&#8221; header_3_font_size_phone=&#8221;35px&#8221; header_3_font_size_last_edited=&#8221;on|phone&#8221; global_colors_info=&#8221;{}&#8221;]<\/p>\n<p data-start=\"43\" data-end=\"142\">Certain ACEF SOM activities are offered only to people residing within the following territory:<\/p>\n<p><\/p>\n<ul>\n<li data-start=\"144\" data-end=\"370\">Northern boundary: Highway 40<\/li>\n<li data-start=\"144\" data-end=\"370\">Eastern boundary: D\u00e9carie, C\u00f4te-des-Neiges, and Guy Street<\/li>\n<li data-start=\"144\" data-end=\"370\">Western boundary: The western tip of the island<\/li>\n<li data-start=\"144\" data-end=\"370\">Southern boundary: the St. Lawrence River, including Nun\u2019s Island<\/li>\n<\/ul>\n<p><\/p>\n<p data-start=\"372\" data-end=\"706\">This includes the following boroughs\/municipalities: LaSalle, Verdun, Sud-Ouest, Lachine, C\u00f4te-Saint-Luc, Westmount, Dorval, Beaconsfield, Hampstead, Montr\u00e9al-Ouest, Baie-D\u2019Urf\u00e9, and part of the following areas: C\u00f4te-des-Neiges\u2013Notre-Dame-de-Gr\u00e2ce, Pointe-Claire, Ville-Marie, Kirkland, Saint-Anne-de-Bellevue, and Senneville.<\/p>\n<p><\/p>\n<p data-start=\"708\" data-end=\"893\" data-is-last-node=\"\" data-is-only-node=\"\">To verify whether you are within the service area, you can use this link by entering your postal code and setting the radius to 5 km: <a href=\"https:\/\/www.toutbiencalcule.ca\/votre-association\/\">Tout bien calcul\u00e9 \u2013 Your association<\/a>.<\/p>\n<p>[\/et_pb_text][\/et_pb_column][et_pb_column type=&#8221;1_2&#8243; _builder_version=&#8221;4.16&#8243; _module_preset=&#8221;default&#8221; global_colors_info=&#8221;{}&#8221;][et_pb_text _builder_version=&#8221;4.24.0&#8243; _module_preset=&#8221;default&#8221; custom_padding=&#8221;||0px|||&#8221; header_3_text_align_tablet=&#8221;left&#8221; header_3_text_align_phone=&#8221;left&#8221; header_3_text_align_last_edited=&#8221;on|desktop&#8221; header_3_font_size_tablet=&#8221;40px&#8221; header_3_font_size_phone=&#8221;35px&#8221; header_3_font_size_last_edited=&#8221;on|phone&#8221; global_colors_info=&#8221;{}&#8221;]<\/p>\n<h3>When?<\/h3>\n<p>[\/et_pb_text][et_pb_text module_class=&#8221;brandon&#8221; _builder_version=&#8221;4.24.0&#8243; _module_preset=&#8221;default&#8221; text_text_color=&#8221;#5E86EB&#8221; text_font_size=&#8221;22px&#8221; text_line_height=&#8221;1.5em&#8221; width=&#8221;80%&#8221; width_tablet=&#8221;80%&#8221; width_phone=&#8221;80%&#8221; width_last_edited=&#8221;on|phone&#8221; custom_margin=&#8221;|-80px||||&#8221; custom_padding=&#8221;||51px|||&#8221; text_line_height_tablet=&#8221;1.5em&#8221; text_line_height_phone=&#8221;1em&#8221; text_line_height_last_edited=&#8221;on|desktop&#8221; header_3_text_align_tablet=&#8221;left&#8221; header_3_text_align_phone=&#8221;left&#8221; header_3_text_align_last_edited=&#8221;on|desktop&#8221; header_3_font_size_tablet=&#8221;40px&#8221; header_3_font_size_phone=&#8221;35px&#8221; header_3_font_size_last_edited=&#8221;on|phone&#8221; global_colors_info=&#8221;{}&#8221;]<\/p>\n<p>Please note that <strong>our appointment waiting list is currently full<\/strong>.<\/p>\n<p><\/p>\n<div>\n<p>We invite you to contact us again <strong>as of Monday, May 4<\/strong>, to request an appointment.<\/p>\n<p>\ud83d\udc49 <strong>AQTIS members<\/strong>: please contact us directly by email at <strong>bonjour@acefsom.ca<\/strong>.<\/p>\n<\/div>\n<p><\/p>\n<div>\n<div>\n<p><strong>Regular hours<\/strong> <em>(in-person visits by appointment only)<\/em><\/p>\n<ul>\n<li><strong>Monday:<\/strong> 9:00 a.m. to 12:00 p.m. and 1:00 p.m. to 5:00 p.m.<\/li>\n<li><strong>Tuesday:<\/strong> 9:00 a.m. to 12:00 p.m. and 1:00 p.m. to 5:00 p.m.<\/li>\n<li><strong>Wednesday:<\/strong> 9:00 a.m. to 12:00 p.m.<\/li>\n<li><strong>Thursday:<\/strong> 9:00 a.m. to 12:00 p.m. and 1:00 p.m. to 5:00 p.m.<\/li>\n<\/ul>\n<\/div>\n<p><\/div>\n<p>[\/et_pb_text][et_pb_text module_class=&#8221;brandon&#8221; _builder_version=&#8221;4.24.0&#8243; _module_preset=&#8221;default&#8221; text_text_color=&#8221;#5E86EB&#8221; text_font_size=&#8221;22px&#8221; text_line_height=&#8221;1.5em&#8221; width=&#8221;80%&#8221; width_tablet=&#8221;80%&#8221; width_phone=&#8221;80%&#8221; width_last_edited=&#8221;on|phone&#8221; custom_margin=&#8221;|-80px||||&#8221; custom_padding=&#8221;||51px|||&#8221; text_line_height_tablet=&#8221;1.5em&#8221; text_line_height_phone=&#8221;1em&#8221; text_line_height_last_edited=&#8221;on|desktop&#8221; header_3_text_align_tablet=&#8221;left&#8221; header_3_text_align_phone=&#8221;left&#8221; header_3_text_align_last_edited=&#8221;on|desktop&#8221; header_3_font_size_tablet=&#8221;40px&#8221; header_3_font_size_phone=&#8221;35px&#8221; header_3_font_size_last_edited=&#8221;on|phone&#8221; global_colors_info=&#8221;{}&#8221;][\/et_pb_text][et_pb_text _builder_version=&#8221;4.17.4&#8243; _module_preset=&#8221;default&#8221; header_3_text_align_tablet=&#8221;left&#8221; header_3_text_align_phone=&#8221;left&#8221; header_3_text_align_last_edited=&#8221;on|desktop&#8221; header_3_font_size_tablet=&#8221;40px&#8221; header_3_font_size_phone=&#8221;35px&#8221; header_3_font_size_last_edited=&#8221;on|phone&#8221; global_colors_info=&#8221;{}&#8221;]<\/p>\n<h3>Would you like to become a member ?<\/h3>\n<p>[\/et_pb_text][et_pb_text module_class=&#8221;brandon&#8221; _builder_version=&#8221;4.17.4&#8243; _module_preset=&#8221;default&#8221; text_text_color=&#8221;#5E86EB&#8221; text_font_size=&#8221;25px&#8221; text_line_height=&#8221;1.5em&#8221; width=&#8221;80%&#8221; width_tablet=&#8221;80%&#8221; width_phone=&#8221;80%&#8221; width_last_edited=&#8221;on|phone&#8221; custom_padding=&#8221;|21px||||&#8221; text_line_height_tablet=&#8221;1.5em&#8221; text_line_height_phone=&#8221;1em&#8221; text_line_height_last_edited=&#8221;on|desktop&#8221; header_3_text_align_tablet=&#8221;left&#8221; header_3_text_align_phone=&#8221;left&#8221; header_3_text_align_last_edited=&#8221;on|desktop&#8221; header_3_font_size_tablet=&#8221;40px&#8221; header_3_font_size_phone=&#8221;35px&#8221; header_3_font_size_last_edited=&#8221;on|phone&#8221; global_colors_info=&#8221;{}&#8221;]<\/p>\n<p>Are you interested in the orientations and activities of our ACEF ? Join us as a member to support us in our mission.\u00a0<\/p>\n<p><\/p>\n<p>Contact us for more informations.<\/p>\n<p>[\/et_pb_text][et_pb_text disabled_on=&#8221;on|on|on&#8221; _builder_version=&#8221;4.17.4&#8243; _module_preset=&#8221;default&#8221; width=&#8221;80%&#8221; width_tablet=&#8221;80%&#8221; width_phone=&#8221;80%&#8221; width_last_edited=&#8221;on|desktop&#8221; disabled=&#8221;on&#8221; global_colors_info=&#8221;{}&#8221;][\/et_pb_text][\/et_pb_column][\/et_pb_row][\/et_pb_section]<\/p>\n","protected":false},"excerpt":{"rendered":"<p>Contact usReaching out is the first stepWhere can you find us?6734 Monk Blvd., 2nd floor, Montreal, Qu\u00e9bec H4E 3J1(Beside Monk Metro, green line) north exitPhone : 514-362-1771Please make sure you [&hellip;]<\/p>\n","protected":false},"author":1,"featured_media":0,"parent":0,"menu_order":0,"comment_status":"closed","ping_status":"closed","template":"","meta":{"_et_pb_use_builder":"on","_et_pb_old_content":"","_et_gb_content_width":"","inline_featured_image":false,"footnotes":""},"class_list":["post-1214","page","type-page","status-publish","hentry"],"yoast_head":"<!-- This site is optimized with the Yoast SEO plugin v27.2 - https:\/\/yoast.com\/product\/yoast-seo-wordpress\/ -->\n<title>Contact us - Association coop\u00e9rative d\u2019\u00e9conomie familiale (ACEF) du Sud-Ouest de Montr\u00e9al<\/title>\n<meta name=\"robots\" content=\"index, follow, max-snippet:-1, max-image-preview:large, max-video-preview:-1\" \/>\n<link rel=\"canonical\" href=\"https:\/\/acefsom.ca\/en\/contact-us\/\" \/>\n<meta property=\"og:locale\" content=\"en_US\" \/>\n<meta property=\"og:type\" content=\"article\" \/>\n<meta property=\"og:title\" content=\"Contact us - Association coop\u00e9rative d\u2019\u00e9conomie familiale (ACEF) du Sud-Ouest de Montr\u00e9al\" \/>\n<meta property=\"og:description\" content=\"Contact usReaching out is the first stepWhere can you find us?6734 Monk Blvd., 2nd floor, Montreal, Qu\u00e9bec H4E 3J1(Beside Monk Metro, green line) north exitPhone : 514-362-1771Please make sure you [&hellip;]\" \/>\n<meta property=\"og:url\" content=\"https:\/\/acefsom.ca\/en\/contact-us\/\" \/>\n<meta property=\"og:site_name\" content=\"Association coop\u00e9rative d\u2019\u00e9conomie familiale (ACEF) du Sud-Ouest de Montr\u00e9al\" \/>\n<meta property=\"article:modified_time\" content=\"2026-04-02T16:18:41+00:00\" \/>\n<meta name=\"twitter:card\" content=\"summary_large_image\" \/>\n<meta name=\"twitter:label1\" content=\"Est. reading time\" \/>\n\t<meta name=\"twitter:data1\" content=\"2 minutes\" \/>\n<script type=\"application\/ld+json\" class=\"yoast-schema-graph\">{\"@context\":\"https:\/\/schema.org\",\"@graph\":[{\"@type\":\"WebPage\",\"@id\":\"https:\/\/acefsom.ca\/en\/contact-us\/\",\"url\":\"https:\/\/acefsom.ca\/en\/contact-us\/\",\"name\":\"Contact us - Association coop\u00e9rative d\u2019\u00e9conomie familiale (ACEF) du Sud-Ouest de Montr\u00e9al\",\"isPartOf\":{\"@id\":\"https:\/\/acefsom.ca\/#website\"},\"datePublished\":\"2022-02-10T19:36:58+00:00\",\"dateModified\":\"2026-04-02T16:18:41+00:00\",\"breadcrumb\":{\"@id\":\"https:\/\/acefsom.ca\/en\/contact-us\/#breadcrumb\"},\"inLanguage\":\"en-US\",\"potentialAction\":[{\"@type\":\"ReadAction\",\"target\":[\"https:\/\/acefsom.ca\/en\/contact-us\/\"]}]},{\"@type\":\"BreadcrumbList\",\"@id\":\"https:\/\/acefsom.ca\/en\/contact-us\/#breadcrumb\",\"itemListElement\":[{\"@type\":\"ListItem\",\"position\":1,\"name\":\"Accueil\",\"item\":\"https:\/\/acefsom.ca\/en\/\"},{\"@type\":\"ListItem\",\"position\":2,\"name\":\"Contact us\"}]},{\"@type\":\"WebSite\",\"@id\":\"https:\/\/acefsom.ca\/#website\",\"url\":\"https:\/\/acefsom.ca\/\",\"name\":\"Association coop\u00e9rative d\u2019\u00e9conomie familiale (ACEF) du Sud-Ouest de Montr\u00e9al\",\"description\":\"Accompagnement, soutien et conseil pour des finances personnelles en sant\u00e9.\",\"publisher\":{\"@id\":\"https:\/\/acefsom.ca\/#organization\"},\"potentialAction\":[{\"@type\":\"SearchAction\",\"target\":{\"@type\":\"EntryPoint\",\"urlTemplate\":\"https:\/\/acefsom.ca\/?s={search_term_string}\"},\"query-input\":{\"@type\":\"PropertyValueSpecification\",\"valueRequired\":true,\"valueName\":\"search_term_string\"}}],\"inLanguage\":\"en-US\"},{\"@type\":\"Organization\",\"@id\":\"https:\/\/acefsom.ca\/#organization\",\"name\":\"Association coop\u00e9rative d\u2019\u00e9conomie familiale (ACEF) du Sud-Ouest de Montr\u00e9al\",\"url\":\"https:\/\/acefsom.ca\/\",\"logo\":{\"@type\":\"ImageObject\",\"inLanguage\":\"en-US\",\"@id\":\"https:\/\/acefsom.ca\/#\/schema\/logo\/image\/\",\"url\":\"https:\/\/acefsom.ca\/wp-content\/uploads\/2021\/12\/LogoVectoriel.svg\",\"contentUrl\":\"https:\/\/acefsom.ca\/wp-content\/uploads\/2021\/12\/LogoVectoriel.svg\",\"width\":\"1024\",\"height\":\"1024\",\"caption\":\"Association coop\u00e9rative d\u2019\u00e9conomie familiale (ACEF) du Sud-Ouest de Montr\u00e9al\"},\"image\":{\"@id\":\"https:\/\/acefsom.ca\/#\/schema\/logo\/image\/\"}}]}<\/script>\n<!-- \/ Yoast SEO plugin. -->","yoast_head_json":{"title":"Contact us - Association coop\u00e9rative d\u2019\u00e9conomie familiale (ACEF) du Sud-Ouest de Montr\u00e9al","robots":{"index":"index","follow":"follow","max-snippet":"max-snippet:-1","max-image-preview":"max-image-preview:large","max-video-preview":"max-video-preview:-1"},"canonical":"https:\/\/acefsom.ca\/en\/contact-us\/","og_locale":"en_US","og_type":"article","og_title":"Contact us - Association coop\u00e9rative d\u2019\u00e9conomie familiale (ACEF) du Sud-Ouest de Montr\u00e9al","og_description":"Contact usReaching out is the first stepWhere can you find us?6734 Monk Blvd., 2nd floor, Montreal, Qu\u00e9bec H4E 3J1(Beside Monk Metro, green line) north exitPhone : 514-362-1771Please make sure you [&hellip;]","og_url":"https:\/\/acefsom.ca\/en\/contact-us\/","og_site_name":"Association coop\u00e9rative d\u2019\u00e9conomie familiale (ACEF) du Sud-Ouest de Montr\u00e9al","article_modified_time":"2026-04-02T16:18:41+00:00","twitter_card":"summary_large_image","twitter_misc":{"Est. reading time":"2 minutes"},"schema":{"@context":"https:\/\/schema.org","@graph":[{"@type":"WebPage","@id":"https:\/\/acefsom.ca\/en\/contact-us\/","url":"https:\/\/acefsom.ca\/en\/contact-us\/","name":"Contact us - Association coop\u00e9rative d\u2019\u00e9conomie familiale (ACEF) du Sud-Ouest de Montr\u00e9al","isPartOf":{"@id":"https:\/\/acefsom.ca\/#website"},"datePublished":"2022-02-10T19:36:58+00:00","dateModified":"2026-04-02T16:18:41+00:00","breadcrumb":{"@id":"https:\/\/acefsom.ca\/en\/contact-us\/#breadcrumb"},"inLanguage":"en-US","potentialAction":[{"@type":"ReadAction","target":["https:\/\/acefsom.ca\/en\/contact-us\/"]}]},{"@type":"BreadcrumbList","@id":"https:\/\/acefsom.ca\/en\/contact-us\/#breadcrumb","itemListElement":[{"@type":"ListItem","position":1,"name":"Accueil","item":"https:\/\/acefsom.ca\/en\/"},{"@type":"ListItem","position":2,"name":"Contact us"}]},{"@type":"WebSite","@id":"https:\/\/acefsom.ca\/#website","url":"https:\/\/acefsom.ca\/","name":"Association coop\u00e9rative d\u2019\u00e9conomie familiale (ACEF) du Sud-Ouest de Montr\u00e9al","description":"Accompagnement, soutien et conseil pour des finances personnelles en sant\u00e9.","publisher":{"@id":"https:\/\/acefsom.ca\/#organization"},"potentialAction":[{"@type":"SearchAction","target":{"@type":"EntryPoint","urlTemplate":"https:\/\/acefsom.ca\/?s={search_term_string}"},"query-input":{"@type":"PropertyValueSpecification","valueRequired":true,"valueName":"search_term_string"}}],"inLanguage":"en-US"},{"@type":"Organization","@id":"https:\/\/acefsom.ca\/#organization","name":"Association coop\u00e9rative d\u2019\u00e9conomie familiale (ACEF) du Sud-Ouest de Montr\u00e9al","url":"https:\/\/acefsom.ca\/","logo":{"@type":"ImageObject","inLanguage":"en-US","@id":"https:\/\/acefsom.ca\/#\/schema\/logo\/image\/","url":"https:\/\/acefsom.ca\/wp-content\/uploads\/2021\/12\/LogoVectoriel.svg","contentUrl":"https:\/\/acefsom.ca\/wp-content\/uploads\/2021\/12\/LogoVectoriel.svg","width":"1024","height":"1024","caption":"Association coop\u00e9rative d\u2019\u00e9conomie familiale (ACEF) du Sud-Ouest de Montr\u00e9al"},"image":{"@id":"https:\/\/acefsom.ca\/#\/schema\/logo\/image\/"}}]}},"_links":{"self":[{"href":"https:\/\/acefsom.ca\/en\/wp-json\/wp\/v2\/pages\/1214","targetHints":{"allow":["GET"]}}],"collection":[{"href":"https:\/\/acefsom.ca\/en\/wp-json\/wp\/v2\/pages"}],"about":[{"href":"https:\/\/acefsom.ca\/en\/wp-json\/wp\/v2\/types\/page"}],"author":[{"embeddable":true,"href":"https:\/\/acefsom.ca\/en\/wp-json\/wp\/v2\/users\/1"}],"replies":[{"embeddable":true,"href":"https:\/\/acefsom.ca\/en\/wp-json\/wp\/v2\/comments?post=1214"}],"version-history":[{"count":5,"href":"https:\/\/acefsom.ca\/en\/wp-json\/wp\/v2\/pages\/1214\/revisions"}],"predecessor-version":[{"id":3775,"href":"https:\/\/acefsom.ca\/en\/wp-json\/wp\/v2\/pages\/1214\/revisions\/3775"}],"wp:attachment":[{"href":"https:\/\/acefsom.ca\/en\/wp-json\/wp\/v2\/media?parent=1214"}],"curies":[{"name":"wp","href":"https:\/\/api.w.org\/{rel}","templated":true}]}}